{"id":203,"date":"2016-04-27T09:58:27","date_gmt":"2016-04-27T07:58:27","guid":{"rendered":"http:\/\/s522589928.online.de\/?page_id=2"},"modified":"2023-03-15T12:20:33","modified_gmt":"2023-03-15T10:20:33","slug":"die-villa-carpe-diem","status":"publish","type":"page","link":"https:\/\/lindalholidaysvillas.com\/it\/","title":{"rendered":"La Villa &#8220;Carpe Diem&#8221;"},"content":{"rendered":"<p><\/p>\n<h2 style=\"text-align: justify;\"><img loading=\"lazy\" decoding=\"async\" class=\"alignnone wp-image-508\" src=\"http:\/\/neu.lindalholidaysvillas.com\/wp-content\/uploads\/2016\/05\/Haus_und_Pool-300x225.jpg\" alt=\"Villa with pool\" width=\"183\" height=\"140\" \/><img loading=\"lazy\" decoding=\"async\" class=\"alignnone wp-image-678\" src=\"http:\/\/neu.lindalholidaysvillas.com\/wp-content\/uploads\/2016\/05\/Au\u00dfengarten_1-720x405.jpg\" alt=\"outer garden\" width=\"243\" height=\"142\" \/><img loading=\"lazy\" decoding=\"async\" class=\"alignnone wp-image-521\" src=\"http:\/\/neu.lindalholidaysvillas.com\/wp-content\/uploads\/2016\/05\/Schlaf_4-300x225.jpg\" alt=\"Masterbedroom\" width=\"183\" height=\"140\" \/><\/h2>\n<p><span style=\"font-size: 16px;\"><em><span style=\"color: #000080;\">Salve benvenuti nel nostro sito. Qui si pu\u00f2 vagare per la villa \u201eCarpe Diem\u201c, curiosare nei vari men\u00f9, guardare foto e comprendere un p\u00f2 la nostra filosofia. Qu\u00ec trover\u00e0 anche informazioni circa i dintorni della villa e di Ibiza . Abbiamo creato per voi un posto dove potersi rilassare e divertirsi con i vostri amici e poter avere un ricordo meraviglioso della vacanza trascorsa nella \u201eIsola Bianca\u201c.<\/span><\/em><\/span><\/p>\n<p><img loading=\"lazy\" decoding=\"async\" class=\"aligncenter wp-image-610 size-medium\" src=\"http:\/\/neu.lindalholidaysvillas.com\/wp-content\/uploads\/2016\/04\/sunset_small-300x225.jpg\" alt=\"Sunset Ibiza\" width=\"300\" height=\"225\" srcset=\"https:\/\/lindalholidaysvillas.com\/wp-content\/uploads\/2016\/04\/sunset_small-300x225.jpg 300w, https:\/\/lindalholidaysvillas.com\/wp-content\/uploads\/2016\/04\/sunset_small.jpg 420w\" sizes=\"auto, (max-width: 300px) 100vw, 300px\" \/><\/p>\n<p><span style=\"font-size: 16px; color: #000080;\"><em>La villa ha una superficie utile di 270 mq e si situa sopra la baia di Cala Tarida in un plateau lussurreggiante, circondata solo da altre ville. Il terreno di 2200 mq e il giardino interiore protetto da mura in stile spagnolo garantiscono privacy e protezione per i bambini, che non possono allontanarsi senza il consenso dei genitori. Nel giardino interiore vi \u00e8 una piscina di 36 mq e lettini prendisole sufficienti per ogni ospite della casa. La piscina viene pulita da personale specializzado ogni settimana. Nel giardino esterno hai parking per diverse auto, due delle quali protette da un carport.<\/em><\/span><\/p>\n<p style=\"text-align: center;\"><img loading=\"lazy\" decoding=\"async\" class=\"alignnone wp-image-615\" src=\"http:\/\/neu.lindalholidaysvillas.com\/wp-content\/uploads\/2016\/04\/pool_small-300x225.jpg\" alt=\"Poolterrace\" width=\"262\" height=\"200\" \/>\u00a0 \u00a0<img loading=\"lazy\" decoding=\"async\" class=\"alignnone wp-image-845\" src=\"http:\/\/lindalholidaysvillas.com\/wp-content\/uploads\/2018\/04\/Carport_small.jpg\" alt=\"Carport_small\" width=\"262\" height=\"198\" srcset=\"https:\/\/lindalholidaysvillas.com\/wp-content\/uploads\/2018\/04\/Carport_small.jpg 420w, https:\/\/lindalholidaysvillas.com\/wp-content\/uploads\/2018\/04\/Carport_small-150x113.jpg 150w\" sizes=\"auto, (max-width: 262px) 100vw, 262px\" \/><\/p>\n<p style=\"text-align: justify;\"><span style=\"font-size: 16px;\"><em><span style=\"color: #000080;\">La villa \u00e8 realizzata in stile mediterraneo, sia come arredo, sia come struttura, che ricorda le antiche posade spagnole. Tutte le camere da letto hanno accesso dal grande portico sul giardino, garentendo cos\u00ec intimit\u00e0 e indipendenza agli ospiti, che possono rincasare a qualunque ora senza disturbarsi a vicenda. Nel portico vi \u00e8 a vostra disposizione un grande tavolo di pi\u00f9 di 3mt di lunghezza e un BBQ, che vi consentir\u00e0 di cenare comodamente anche con ospiti.<\/span><\/em><\/span><\/p>\n<p><img loading=\"lazy\" decoding=\"async\" class=\"aligncenter wp-image-675\" src=\"http:\/\/neu.lindalholidaysvillas.com\/wp-content\/uploads\/2016\/04\/Porchada_1-720x454.jpg\" alt=\"Porchada and bedrooms\" width=\"403\" height=\"258\" \/><\/p>\n<p><span style=\"color: #000080; font-size: 16px;\"><em>In totale la Villa dispone di quattro camere da letto, 3 bagni, 1 amplio salone, 1 sala da pranzo e 1 cucina completamente equipaggiata con forno piano di cottura, vetro ceramica, lavastoviglie, microonde, macchina del caff\u00e8, tostapane, etc .Al lato della cucina hai una lavanderia con lavatrice, asciugatrice, ferro da stiro e asse per stirare e un patio interno per stendere. Nella cucina vi \u00e8 una altra zona tavolo di servizio, che pu\u00f2 ospitare fino a un max di 8 persone. Il giardino interno, dove si trova la piscina, \u00e8 una oasi tranquilla, dove rilassarsi al sole o alla fresca ombra di un gigantesco pino.<\/em><\/span><\/p>\n<p><span style=\"color: #000080; font-size: 16px;\"><em>Nella casa e nel giardino \u00e8 a vostra disposizione la wifi gratuita. La televisone nel salone a schermo piatto offre il segnale di due satelliti &#8211; astra e hot bird (televisone italiana) inclusa. Tutte le camere e il salone hanno ariacondizionata. In pi\u00fa a disposizione ci sono due grandi ventilatori trasportabili per poterli collocare nelle zone da voi desiderate.<\/em><\/span><\/p>\n<p><span style=\"color: #000080; font-size: 16px;\"><em>Lenzuoli, asciugamani e salvietta per la piscina sono a vostra disposizione e cambiati settimanalmente. La casa ovviamente viene pulita prima del vostro arrivo. Se desiderate un servizio di pulizia durante il vostro soggiorno, potete contattarci per contrattarlo e vedere di concordare in anticipo le ore e la frequenza da voi desiderata.<\/em><\/span><\/p>\n<p><span style=\"color: #000080; font-size: 16px;\"><em>La villa \u00e8 adatta a famiglie con bambini. Su richiesta e senza spesa vi possiamo fornire lettini per bambini e seggioloni.<\/em><\/span><\/p>\n<p><span style=\"color: #000080; font-size: 16px;\"><em>La villa \u00e8 equipaggiata per vostra maggior sicurezza con un servizio di allarme connesso a una centrale di vigilanza, che accorre in caso di bisogno. A vostra disposizione vi \u00e8 anche una cassaforte. Purtroppo non possiamo essere responsabili dei valori in essa depositati, in quanto le compagnie di assicurazioni spagnole non copro questo tipo di rischi verso terzi.<\/em><\/span><\/p>\n<p><span style=\"color: #000080; font-size: 16px;\"><em>A poca distanza dalla villa tra il plateau e la spiaggia incontrerete il famoso Cotton Club e nei dintorni simpatici ristoranti, di cui troverete il link pi\u00f9 in basso.<\/em><\/span><\/p>\n<h1 style=\"text-align: center;\"><span style=\"font-size: 16px; color: #3366ff;\"><span style=\"text-decoration: underline;\"><a style=\"color: #3366ff;\" href=\"http:\/\/www.cottonbeachclub.com\/\" target=\"_blank\" rel=\"noopener\">Cotton Club<\/a><\/span>\u00a0 \u00a0 \u00a0\u00a0<span style=\"text-decoration: underline;\"><a style=\"color: #3366ff;\" href=\"https:\/\/destinosanjose.es\/\" target=\"_blank\" rel=\"noopener\">Destino<\/a><\/span>\u00a0 \u00a0 \u00a0\u00a0<span style=\"text-decoration: underline;\"><a style=\"color: #3366ff;\" href=\"http:\/\/www.restaurantecasmila.com\/\" target=\"_blank\" rel=\"noopener\">Cas Mil\u00e1<\/a><\/span>\u00a0 \u00a0 \u00a0\u00a0<span style=\"text-decoration: underline;\"><a style=\"color: #3366ff;\" href=\"http:\/\/www.canyucas.com\" target=\"_blank\" rel=\"noopener\">Can Yucas<\/a><\/span><\/span><\/h1>\n<p style=\"text-align: justify;\"><span style=\"color: #000080; font-size: 16px;\"><em>Per una vacanza senza stress vi raccomandiamo di sottoscrivere una assicurazione di viaggio che vi solevi da tutti problemi.<\/em><\/span><\/p>\n<h1 style=\"text-align: center;\"><span style=\"font-size: 16px; color: #3366ff;\"><span style=\"text-decoration: underline;\"><a style=\"color: #3366ff; text-decoration: underline;\" href=\"http:\/\/www.columbusdirect.com\/\" target=\"_blank\" rel=\"noopener\">Columbus A<\/a>ssicurazioni di viaggio<\/span>\u00a0<\/span><\/h1>\n<p><span style=\"font-size: 10px;\">Conseil Insular Reg.N\u00b0 2015002342<\/span><\/p>","protected":false},"excerpt":{"rendered":"<p>Salve benvenuti nel nostro sito. Qui si pu\u00f2 vagare per la villa \u201eCarpe Diem\u201c, curiosare nei vari men\u00f9, guardare foto e comprendere un p\u00f2 la nostra filosofia. Qu\u00ec trover\u00e0 anche <a class=\"more-link\" href=\"https:\/\/lindalholidaysvillas.com\/it\/\">Continue Reading \u2192<\/a><\/p>\n","protected":false},"author":1,"featured_media":0,"parent":0,"menu_order":0,"comment_status":"open","ping_status":"closed","template":"","meta":{"footnotes":""},"class_list":["post-203","page","type-page","status-publish","hentry"],"yoast_head":"<!-- This site is optimized with the Yoast SEO plugin v27.3 - https:\/\/yoast.com\/product\/yoast-seo-wordpress\/ -->\n<title>(ENGLISH) Carpe Diem Cala Tarida Ibiza Rent me for wonderful holidays<\/title>\n<meta name=\"description\" content=\"(ENGLISH) Villa in ibiza cala tarida private pool 600 m away from the beach free wifi big garden bbq car parking ideal for children and group of frinds up to 9 person\" \/>\n<meta name=\"robots\" content=\"index, follow, max-snippet:-1, max-image-preview:large, max-video-preview:-1\" \/>\n<link rel=\"canonical\" href=\"https:\/\/lindalholidaysvillas.com\/\" \/>\n<meta property=\"og:locale\" content=\"it_IT\" \/>\n<meta property=\"og:type\" content=\"article\" \/>\n<meta property=\"og:title\" content=\"[:en]Carpe Diem Cala Tarida Ibiza Rent me for wonderful holidays[:]\" \/>\n<meta property=\"og:description\" content=\"{:en}Villa in ibiza cala tarida private pool 600 m away from the beach free wifi big garden bbq car parking ideal for children and group of frinds up to 9 person{:de}Villa in Cala Tarida, Ibiza; Dream Holidays - Traumurlaub - vacaciones de sue\u00f1o - vacanze da sogno; tu rent, zu mieten, para alquilar, si affita{:}[:]\" \/>\n<meta property=\"og:url\" content=\"https:\/\/lindalholidaysvillas.com\/\" \/>\n<meta property=\"og:site_name\" content=\"Villa in Cala Tarida - Ibiza &quot;Carpe Diem&quot;\" \/>\n<meta property=\"article:modified_time\" content=\"2023-03-15T10:20:33+00:00\" \/>\n<meta property=\"og:image\" content=\"http:\/\/neu.lindalholidaysvillas.com\/wp-content\/uploads\/2016\/05\/Haus_und_Pool-300x225.jpg\" \/>\n<meta name=\"twitter:card\" content=\"summary_large_image\" \/>\n<meta name=\"twitter:label1\" content=\"Tempo di lettura stimato\" \/>\n\t<meta name=\"twitter:data1\" content=\"17 minuti\" \/>\n<script type=\"application\/ld+json\" class=\"yoast-schema-graph\">{\"@context\":\"https:\\\/\\\/schema.org\",\"@graph\":[{\"@type\":\"WebPage\",\"@id\":\"https:\\\/\\\/lindalholidaysvillas.com\\\/\",\"url\":\"https:\\\/\\\/lindalholidaysvillas.com\\\/\",\"name\":\"[:en]Carpe Diem Cala Tarida Ibiza Rent me for wonderful holidays[:]\",\"isPartOf\":{\"@id\":\"https:\\\/\\\/lindalholidaysvillas.com\\\/de\\\/#website\"},\"primaryImageOfPage\":{\"@id\":\"https:\\\/\\\/lindalholidaysvillas.com\\\/#primaryimage\"},\"image\":{\"@id\":\"https:\\\/\\\/lindalholidaysvillas.com\\\/#primaryimage\"},\"thumbnailUrl\":\"http:\\\/\\\/neu.lindalholidaysvillas.com\\\/wp-content\\\/uploads\\\/2016\\\/05\\\/Haus_und_Pool-300x225.jpg\",\"datePublished\":\"2016-04-27T07:58:27+00:00\",\"dateModified\":\"2023-03-15T10:20:33+00:00\",\"description\":\"{:en}Villa in ibiza cala tarida private pool 600 m away from the beach free wifi big garden bbq car parking ideal for children and group of frinds up to 9 person{:de}Villa in Cala Tarida, Ibiza; Dream Holidays - Traumurlaub - vacaciones de sue\u00f1o - vacanze da sogno; tu rent, zu mieten, para alquilar, si affita{:}[:]\",\"breadcrumb\":{\"@id\":\"https:\\\/\\\/lindalholidaysvillas.com\\\/#breadcrumb\"},\"inLanguage\":\"it-IT\",\"potentialAction\":[{\"@type\":\"ReadAction\",\"target\":[\"https:\\\/\\\/lindalholidaysvillas.com\\\/\"]}]},{\"@type\":\"ImageObject\",\"inLanguage\":\"it-IT\",\"@id\":\"https:\\\/\\\/lindalholidaysvillas.com\\\/#primaryimage\",\"url\":\"http:\\\/\\\/neu.lindalholidaysvillas.com\\\/wp-content\\\/uploads\\\/2016\\\/05\\\/Haus_und_Pool-300x225.jpg\",\"contentUrl\":\"http:\\\/\\\/neu.lindalholidaysvillas.com\\\/wp-content\\\/uploads\\\/2016\\\/05\\\/Haus_und_Pool-300x225.jpg\"},{\"@type\":\"BreadcrumbList\",\"@id\":\"https:\\\/\\\/lindalholidaysvillas.com\\\/#breadcrumb\",\"itemListElement\":[{\"@type\":\"ListItem\",\"position\":1,\"name\":\"Home\",\"item\":\"https:\\\/\\\/lindalholidaysvillas.com\\\/\"},{\"@type\":\"ListItem\",\"position\":2,\"name\":\"The Villa &#8220;Carpe Diem&#8221;\"}]},{\"@type\":\"WebSite\",\"@id\":\"https:\\\/\\\/lindalholidaysvillas.com\\\/de\\\/#website\",\"url\":\"https:\\\/\\\/lindalholidaysvillas.com\\\/de\\\/\",\"name\":\"Villa in Cala Tarida - Ibiza &quot;Carpe Diem&quot;\",\"description\":\"Casa di vacanze per affitare per la vostra vacanza da sogno\",\"potentialAction\":[{\"@type\":\"SearchAction\",\"target\":{\"@type\":\"EntryPoint\",\"urlTemplate\":\"https:\\\/\\\/lindalholidaysvillas.com\\\/de\\\/?s={search_term_string}\"},\"query-input\":{\"@type\":\"PropertyValueSpecification\",\"valueRequired\":true,\"valueName\":\"search_term_string\"}}],\"inLanguage\":\"it-IT\"}]}<\/script>\n<!-- \/ Yoast SEO plugin. -->","yoast_head_json":{"title":"(ENGLISH) Carpe Diem Cala Tarida Ibiza Rent me for wonderful holidays","description":"(ENGLISH) Villa in ibiza cala tarida private pool 600 m away from the beach free wifi big garden bbq car parking ideal for children and group of frinds up to 9 person","robots":{"index":"index","follow":"follow","max-snippet":"max-snippet:-1","max-image-preview":"max-image-preview:large","max-video-preview":"max-video-preview:-1"},"canonical":"https:\/\/lindalholidaysvillas.com\/","og_locale":"it_IT","og_type":"article","og_title":"[:en]Carpe Diem Cala Tarida Ibiza Rent me for wonderful holidays[:]","og_description":"{:en}Villa in ibiza cala tarida private pool 600 m away from the beach free wifi big garden bbq car parking ideal for children and group of frinds up to 9 person{:de}Villa in Cala Tarida, Ibiza; Dream Holidays - Traumurlaub - vacaciones de sue\u00f1o - vacanze da sogno; tu rent, zu mieten, para alquilar, si affita{:}[:]","og_url":"https:\/\/lindalholidaysvillas.com\/","og_site_name":"Villa in Cala Tarida - Ibiza &quot;Carpe Diem&quot;","article_modified_time":"2023-03-15T10:20:33+00:00","og_image":[{"url":"http:\/\/neu.lindalholidaysvillas.com\/wp-content\/uploads\/2016\/05\/Haus_und_Pool-300x225.jpg","type":"","width":"","height":""}],"twitter_card":"summary_large_image","twitter_misc":{"Tempo di lettura stimato":"17 minuti"},"schema":{"@context":"https:\/\/schema.org","@graph":[{"@type":"WebPage","@id":"https:\/\/lindalholidaysvillas.com\/","url":"https:\/\/lindalholidaysvillas.com\/","name":"[:en]Carpe Diem Cala Tarida Ibiza Rent me for wonderful holidays[:]","isPartOf":{"@id":"https:\/\/lindalholidaysvillas.com\/de\/#website"},"primaryImageOfPage":{"@id":"https:\/\/lindalholidaysvillas.com\/#primaryimage"},"image":{"@id":"https:\/\/lindalholidaysvillas.com\/#primaryimage"},"thumbnailUrl":"http:\/\/neu.lindalholidaysvillas.com\/wp-content\/uploads\/2016\/05\/Haus_und_Pool-300x225.jpg","datePublished":"2016-04-27T07:58:27+00:00","dateModified":"2023-03-15T10:20:33+00:00","description":"{:en}Villa in ibiza cala tarida private pool 600 m away from the beach free wifi big garden bbq car parking ideal for children and group of frinds up to 9 person{:de}Villa in Cala Tarida, Ibiza; Dream Holidays - Traumurlaub - vacaciones de sue\u00f1o - vacanze da sogno; tu rent, zu mieten, para alquilar, si affita{:}[:]","breadcrumb":{"@id":"https:\/\/lindalholidaysvillas.com\/#breadcrumb"},"inLanguage":"it-IT","potentialAction":[{"@type":"ReadAction","target":["https:\/\/lindalholidaysvillas.com\/"]}]},{"@type":"ImageObject","inLanguage":"it-IT","@id":"https:\/\/lindalholidaysvillas.com\/#primaryimage","url":"http:\/\/neu.lindalholidaysvillas.com\/wp-content\/uploads\/2016\/05\/Haus_und_Pool-300x225.jpg","contentUrl":"http:\/\/neu.lindalholidaysvillas.com\/wp-content\/uploads\/2016\/05\/Haus_und_Pool-300x225.jpg"},{"@type":"BreadcrumbList","@id":"https:\/\/lindalholidaysvillas.com\/#breadcrumb","itemListElement":[{"@type":"ListItem","position":1,"name":"Home","item":"https:\/\/lindalholidaysvillas.com\/"},{"@type":"ListItem","position":2,"name":"The Villa &#8220;Carpe Diem&#8221;"}]},{"@type":"WebSite","@id":"https:\/\/lindalholidaysvillas.com\/de\/#website","url":"https:\/\/lindalholidaysvillas.com\/de\/","name":"Villa in Cala Tarida - Ibiza &quot;Carpe Diem&quot;","description":"Casa di vacanze per affitare per la vostra vacanza da sogno","potentialAction":[{"@type":"SearchAction","target":{"@type":"EntryPoint","urlTemplate":"https:\/\/lindalholidaysvillas.com\/de\/?s={search_term_string}"},"query-input":{"@type":"PropertyValueSpecification","valueRequired":true,"valueName":"search_term_string"}}],"inLanguage":"it-IT"}]}},"_links":{"self":[{"href":"https:\/\/lindalholidaysvillas.com\/it\/wp-json\/wp\/v2\/pages\/203","targetHints":{"allow":["GET"]}}],"collection":[{"href":"https:\/\/lindalholidaysvillas.com\/it\/wp-json\/wp\/v2\/pages"}],"about":[{"href":"https:\/\/lindalholidaysvillas.com\/it\/wp-json\/wp\/v2\/types\/page"}],"author":[{"embeddable":true,"href":"https:\/\/lindalholidaysvillas.com\/it\/wp-json\/wp\/v2\/users\/1"}],"replies":[{"embeddable":true,"href":"https:\/\/lindalholidaysvillas.com\/it\/wp-json\/wp\/v2\/comments?post=203"}],"version-history":[{"count":115,"href":"https:\/\/lindalholidaysvillas.com\/it\/wp-json\/wp\/v2\/pages\/203\/revisions"}],"predecessor-version":[{"id":925,"href":"https:\/\/lindalholidaysvillas.com\/it\/wp-json\/wp\/v2\/pages\/203\/revisions\/925"}],"wp:attachment":[{"href":"https:\/\/lindalholidaysvillas.com\/it\/wp-json\/wp\/v2\/media?parent=203"}],"curies":[{"name":"wp","href":"https:\/\/api.w.org\/{rel}","templated":true}]}}