{"id":67,"date":"2016-04-27T13:02:36","date_gmt":"2016-04-27T11:02:36","guid":{"rendered":"http:\/\/s522589928.online.de\/?page_id=67"},"modified":"2023-03-15T12:03:07","modified_gmt":"2023-03-15T10:03:07","slug":"contattaci","status":"publish","type":"page","link":"https:\/\/lindalholidaysvillas.com\/es\/contattaci","title":{"rendered":"Editorial"},"content":{"rendered":"<p><\/p>\n<h2 class=\"wb-stl-heading2\" style=\"text-align: center;\"><img loading=\"lazy\" decoding=\"async\" class=\"wp-image-250 aligncenter\" src=\"http:\/\/neu.lindalholidaysvillas.com\/wp-content\/uploads\/2016\/04\/Wir_Vignette-1-300x227.jpg\" alt=\"Wir_Vignette\" width=\"448\" height=\"342\"><\/h2>\n<h6 style=\"text-align: center;\"><span style=\"font-size: 16px;\"><em><span style=\"color: #000080;\">Hola, somos los propietarios de \u00e9sta villa que hab\u00e9is podido mirar en \u00e9ste&nbsp;sitio,<\/span><\/em><\/span><\/h6>\n<h6 style=\"text-align: center;\"><span style=\"font-size: 16px;\"><em><span style=\"color: #000080;\">Michael, Michele y&nbsp;Marco.<\/span><\/em><\/span><\/h6>\n<h6 style=\"text-align: center;\"><span style=\"font-size: 16px;\"><em><span style=\"color: #000080;\">Nos encargaremos de que vuestra estancia sea maravillosa.<\/span><\/em><\/span><\/h6>\n<h6 style=\"text-align: center;\"><span style=\"font-size: 16px;\"><em><span style=\"color: #000080;\">La&nbsp;direccion de la nuestra empresa es:<\/span><\/em><\/span><\/h6>\n<h6 style=\"text-align: center;\"><span style=\"font-size: 16px;\"><em><span style=\"color: #000080;\">Calle Los Rosales 37<\/span><\/em><\/span><\/h6>\n<h6 style=\"text-align: center;\"><span style=\"font-size: 16px;\"><em><span style=\"color: #000080;\">Sta. Eulalia del R\u00edo 07840<\/span><\/em><\/span><\/h6>\n<h6 style=\"text-align: center;\"><span style=\"font-size: 16px;\"><em><span style=\"color: #000080;\">Ibiza Baleares Spain<\/span><\/em><\/span><\/h6>\n<h6 style=\"text-align: center;\"><span style=\"font-size: 16px;\"><em><span style=\"color: #000080;\">Para reserva o preguntas llamenos o escrib\u00e1is a nosotros<\/span><\/em><\/span><\/h6>\n<h2 class=\"wb-stl-heading2\" style=\"text-align: center;\"><\/h2>\n<h4 class=\"wb-stl-heading2\" style=\"text-align: center;\"><span style=\"font-size: 16px;\">[contact-form-7 id=\u00bb721&#8243; title=\u00bbContact form Es\u00bb]<\/span><\/h4>\n<h4 class=\"wb-stl-heading2\" style=\"text-align: center;\">&nbsp;<span style=\"color: #000080; font-size: 16px;\"><strong>Tel. +34 636392833<\/strong><\/span><\/h4>\n<h4 style=\"text-align: center;\"><strong><span style=\"font-size: 16px; color: #000080;\">info@lindalholidaysvillas.com<\/span><\/strong><\/h4>\n<p style=\"text-align: center;\">Conseil Insular Reg.N\u00b0 2015002342<\/p>\n<p><\/p>\n\n\n<p><\/p>\n\n\n<p><\/p>","protected":false},"excerpt":{"rendered":"<p>Hola, somos los propietarios de \u00e9sta villa que hab\u00e9is podido mirar en \u00e9ste&nbsp;sitio, Michael, Michele y&nbsp;Marco. Nos encargaremos de que vuestra estancia sea maravillosa. La&nbsp;direccion de la nuestra empresa es: <a class=\"more-link\" href=\"https:\/\/lindalholidaysvillas.com\/es\/contattaci\">Continue Reading \u2192<\/a><\/p>\n","protected":false},"author":1,"featured_media":0,"parent":0,"menu_order":0,"comment_status":"closed","ping_status":"closed","template":"page-fullwidth.php","meta":{"footnotes":""},"class_list":["post-67","page","type-page","status-publish","hentry"],"yoast_head":"<!-- This site is optimized with the Yoast SEO plugin v27.3 - https:\/\/yoast.com\/product\/yoast-seo-wordpress\/ -->\n<title>Editorial - Villa in Cala Tarida - Ibiza &quot;Carpe Diem&quot;<\/title>\n<meta name=\"robots\" content=\"index, follow, max-snippet:-1, max-image-preview:large, max-video-preview:-1\" \/>\n<link rel=\"canonical\" href=\"https:\/\/lindalholidaysvillas.com\/contattaci\" \/>\n<meta property=\"og:locale\" content=\"es_ES\" \/>\n<meta property=\"og:type\" content=\"article\" \/>\n<meta property=\"og:title\" content=\"Editorial - Villa in Cala Tarida - Ibiza &quot;Carpe Diem&quot;\" \/>\n<meta property=\"og:description\" content=\"Hola, somos los propietarios de \u00e9sta villa que hab\u00e9is podido mirar en \u00e9ste&nbsp;sitio, Michael, Michele y&nbsp;Marco. Nos encargaremos de que vuestra estancia sea maravillosa. La&nbsp;direccion de la nuestra empresa es: Continue Reading \u2192\" \/>\n<meta property=\"og:url\" content=\"https:\/\/lindalholidaysvillas.com\/contattaci\" \/>\n<meta property=\"og:site_name\" content=\"Villa in Cala Tarida - Ibiza &quot;Carpe Diem&quot;\" \/>\n<meta property=\"article:modified_time\" content=\"2023-03-15T10:03:07+00:00\" \/>\n<meta property=\"og:image\" content=\"http:\/\/neu.lindalholidaysvillas.com\/wp-content\/uploads\/2016\/04\/Wir_Vignette-1-300x227.jpg\" \/>\n<meta name=\"twitter:card\" content=\"summary_large_image\" \/>\n<meta name=\"twitter:label1\" content=\"Tiempo de lectura\" \/>\n\t<meta name=\"twitter:data1\" content=\"2 minutos\" \/>\n<script type=\"application\/ld+json\" class=\"yoast-schema-graph\">{\"@context\":\"https:\\\/\\\/schema.org\",\"@graph\":[{\"@type\":\"WebPage\",\"@id\":\"https:\\\/\\\/lindalholidaysvillas.com\\\/contattaci\",\"url\":\"https:\\\/\\\/lindalholidaysvillas.com\\\/contattaci\",\"name\":\"Editorial - Villa in Cala Tarida - Ibiza &quot;Carpe Diem&quot;\",\"isPartOf\":{\"@id\":\"https:\\\/\\\/lindalholidaysvillas.com\\\/de\\\/#website\"},\"primaryImageOfPage\":{\"@id\":\"https:\\\/\\\/lindalholidaysvillas.com\\\/contattaci#primaryimage\"},\"image\":{\"@id\":\"https:\\\/\\\/lindalholidaysvillas.com\\\/contattaci#primaryimage\"},\"thumbnailUrl\":\"http:\\\/\\\/neu.lindalholidaysvillas.com\\\/wp-content\\\/uploads\\\/2016\\\/04\\\/Wir_Vignette-1-300x227.jpg\",\"datePublished\":\"2016-04-27T11:02:36+00:00\",\"dateModified\":\"2023-03-15T10:03:07+00:00\",\"breadcrumb\":{\"@id\":\"https:\\\/\\\/lindalholidaysvillas.com\\\/contattaci#breadcrumb\"},\"inLanguage\":\"es\",\"potentialAction\":[{\"@type\":\"ReadAction\",\"target\":[\"https:\\\/\\\/lindalholidaysvillas.com\\\/contattaci\"]}]},{\"@type\":\"ImageObject\",\"inLanguage\":\"es\",\"@id\":\"https:\\\/\\\/lindalholidaysvillas.com\\\/contattaci#primaryimage\",\"url\":\"http:\\\/\\\/neu.lindalholidaysvillas.com\\\/wp-content\\\/uploads\\\/2016\\\/04\\\/Wir_Vignette-1-300x227.jpg\",\"contentUrl\":\"http:\\\/\\\/neu.lindalholidaysvillas.com\\\/wp-content\\\/uploads\\\/2016\\\/04\\\/Wir_Vignette-1-300x227.jpg\"},{\"@type\":\"BreadcrumbList\",\"@id\":\"https:\\\/\\\/lindalholidaysvillas.com\\\/contattaci#breadcrumb\",\"itemListElement\":[{\"@type\":\"ListItem\",\"position\":1,\"name\":\"Home\",\"item\":\"https:\\\/\\\/lindalholidaysvillas.com\\\/\"},{\"@type\":\"ListItem\",\"position\":2,\"name\":\"Editorial\"}]},{\"@type\":\"WebSite\",\"@id\":\"https:\\\/\\\/lindalholidaysvillas.com\\\/de\\\/#website\",\"url\":\"https:\\\/\\\/lindalholidaysvillas.com\\\/de\\\/\",\"name\":\"Villa in Cala Tarida - Ibiza &quot;Carpe Diem&quot;\",\"description\":\"Casa en alquiler para sus vacaciones de ensue\u00f1o\",\"potentialAction\":[{\"@type\":\"SearchAction\",\"target\":{\"@type\":\"EntryPoint\",\"urlTemplate\":\"https:\\\/\\\/lindalholidaysvillas.com\\\/de\\\/?s={search_term_string}\"},\"query-input\":{\"@type\":\"PropertyValueSpecification\",\"valueRequired\":true,\"valueName\":\"search_term_string\"}}],\"inLanguage\":\"es\"}]}<\/script>\n<!-- \/ Yoast SEO plugin. -->","yoast_head_json":{"title":"Editorial - Villa in Cala Tarida - Ibiza &quot;Carpe Diem&quot;","robots":{"index":"index","follow":"follow","max-snippet":"max-snippet:-1","max-image-preview":"max-image-preview:large","max-video-preview":"max-video-preview:-1"},"canonical":"https:\/\/lindalholidaysvillas.com\/contattaci","og_locale":"es_ES","og_type":"article","og_title":"Editorial - Villa in Cala Tarida - Ibiza &quot;Carpe Diem&quot;","og_description":"Hola, somos los propietarios de \u00e9sta villa que hab\u00e9is podido mirar en \u00e9ste&nbsp;sitio, Michael, Michele y&nbsp;Marco. Nos encargaremos de que vuestra estancia sea maravillosa. La&nbsp;direccion de la nuestra empresa es: Continue Reading \u2192","og_url":"https:\/\/lindalholidaysvillas.com\/contattaci","og_site_name":"Villa in Cala Tarida - Ibiza &quot;Carpe Diem&quot;","article_modified_time":"2023-03-15T10:03:07+00:00","og_image":[{"url":"http:\/\/neu.lindalholidaysvillas.com\/wp-content\/uploads\/2016\/04\/Wir_Vignette-1-300x227.jpg","type":"","width":"","height":""}],"twitter_card":"summary_large_image","twitter_misc":{"Tiempo de lectura":"2 minutos"},"schema":{"@context":"https:\/\/schema.org","@graph":[{"@type":"WebPage","@id":"https:\/\/lindalholidaysvillas.com\/contattaci","url":"https:\/\/lindalholidaysvillas.com\/contattaci","name":"Editorial - Villa in Cala Tarida - Ibiza &quot;Carpe Diem&quot;","isPartOf":{"@id":"https:\/\/lindalholidaysvillas.com\/de\/#website"},"primaryImageOfPage":{"@id":"https:\/\/lindalholidaysvillas.com\/contattaci#primaryimage"},"image":{"@id":"https:\/\/lindalholidaysvillas.com\/contattaci#primaryimage"},"thumbnailUrl":"http:\/\/neu.lindalholidaysvillas.com\/wp-content\/uploads\/2016\/04\/Wir_Vignette-1-300x227.jpg","datePublished":"2016-04-27T11:02:36+00:00","dateModified":"2023-03-15T10:03:07+00:00","breadcrumb":{"@id":"https:\/\/lindalholidaysvillas.com\/contattaci#breadcrumb"},"inLanguage":"es","potentialAction":[{"@type":"ReadAction","target":["https:\/\/lindalholidaysvillas.com\/contattaci"]}]},{"@type":"ImageObject","inLanguage":"es","@id":"https:\/\/lindalholidaysvillas.com\/contattaci#primaryimage","url":"http:\/\/neu.lindalholidaysvillas.com\/wp-content\/uploads\/2016\/04\/Wir_Vignette-1-300x227.jpg","contentUrl":"http:\/\/neu.lindalholidaysvillas.com\/wp-content\/uploads\/2016\/04\/Wir_Vignette-1-300x227.jpg"},{"@type":"BreadcrumbList","@id":"https:\/\/lindalholidaysvillas.com\/contattaci#breadcrumb","itemListElement":[{"@type":"ListItem","position":1,"name":"Home","item":"https:\/\/lindalholidaysvillas.com\/"},{"@type":"ListItem","position":2,"name":"Editorial"}]},{"@type":"WebSite","@id":"https:\/\/lindalholidaysvillas.com\/de\/#website","url":"https:\/\/lindalholidaysvillas.com\/de\/","name":"Villa in Cala Tarida - Ibiza &quot;Carpe Diem&quot;","description":"Casa en alquiler para sus vacaciones de ensue\u00f1o","potentialAction":[{"@type":"SearchAction","target":{"@type":"EntryPoint","urlTemplate":"https:\/\/lindalholidaysvillas.com\/de\/?s={search_term_string}"},"query-input":{"@type":"PropertyValueSpecification","valueRequired":true,"valueName":"search_term_string"}}],"inLanguage":"es"}]}},"_links":{"self":[{"href":"https:\/\/lindalholidaysvillas.com\/es\/wp-json\/wp\/v2\/pages\/67","targetHints":{"allow":["GET"]}}],"collection":[{"href":"https:\/\/lindalholidaysvillas.com\/es\/wp-json\/wp\/v2\/pages"}],"about":[{"href":"https:\/\/lindalholidaysvillas.com\/es\/wp-json\/wp\/v2\/types\/page"}],"author":[{"embeddable":true,"href":"https:\/\/lindalholidaysvillas.com\/es\/wp-json\/wp\/v2\/users\/1"}],"replies":[{"embeddable":true,"href":"https:\/\/lindalholidaysvillas.com\/es\/wp-json\/wp\/v2\/comments?post=67"}],"version-history":[{"count":68,"href":"https:\/\/lindalholidaysvillas.com\/es\/wp-json\/wp\/v2\/pages\/67\/revisions"}],"predecessor-version":[{"id":915,"href":"https:\/\/lindalholidaysvillas.com\/es\/wp-json\/wp\/v2\/pages\/67\/revisions\/915"}],"wp:attachment":[{"href":"https:\/\/lindalholidaysvillas.com\/es\/wp-json\/wp\/v2\/media?parent=67"}],"curies":[{"name":"wp","href":"https:\/\/api.w.org\/{rel}","templated":true}]}}