{"id":203,"date":"2016-04-27T09:58:27","date_gmt":"2016-04-27T07:58:27","guid":{"rendered":"http:\/\/s522589928.online.de\/?page_id=2"},"modified":"2023-03-15T12:20:33","modified_gmt":"2023-03-15T10:20:33","slug":"die-villa-carpe-diem","status":"publish","type":"page","link":"https:\/\/lindalholidaysvillas.com\/es\/","title":{"rendered":"La Villa \u00abCarpe Diem\u00bb"},"content":{"rendered":"<p><\/p>\n<h2 style=\"text-align: justify;\"><img loading=\"lazy\" decoding=\"async\" class=\"alignnone wp-image-508\" src=\"http:\/\/neu.lindalholidaysvillas.com\/wp-content\/uploads\/2016\/05\/Haus_und_Pool-300x225.jpg\" alt=\"Villa with pool\" width=\"183\" height=\"140\" \/><img loading=\"lazy\" decoding=\"async\" class=\"alignnone wp-image-678\" src=\"http:\/\/neu.lindalholidaysvillas.com\/wp-content\/uploads\/2016\/05\/Au\u00dfengarten_1-720x405.jpg\" alt=\"outer garden\" width=\"243\" height=\"142\" \/><img loading=\"lazy\" decoding=\"async\" class=\"alignnone wp-image-521\" src=\"http:\/\/neu.lindalholidaysvillas.com\/wp-content\/uploads\/2016\/05\/Schlaf_4-300x225.jpg\" alt=\"Masterbedroom\" width=\"183\" height=\"140\" \/><\/h2>\n<p class=\"wb-stl-heading2\"><span style=\"font-size: 16px; color: #000080;\"><em>Hola y bienvenidos en nuestro sitio. Aqui se puede liberalmente vagar por la villa \u201cCarpe Diem\u201d, ventiscar en los diferentes menus, guardar unas fotos y reconocer nuestra filosof\u00eda. Encuentrar\u00e1 adem\u00e1s una cantidad de informaciones adicionales sobre el entorno de la villa e Ibiza mismo. Hemos creado para Usted un lugar, donde puede relajar y dirvertirse con sus amigos para unosrecuerdos maravillosos de su estancia en Ibiza, la \u201cIsla blanca\u201d.<\/em><\/span><\/p>\n<p><img loading=\"lazy\" decoding=\"async\" class=\"aligncenter wp-image-610 size-medium\" src=\"http:\/\/neu.lindalholidaysvillas.com\/wp-content\/uploads\/2016\/04\/sunset_small-300x225.jpg\" alt=\"Sunset Ibiza\" width=\"300\" height=\"225\" srcset=\"https:\/\/lindalholidaysvillas.com\/wp-content\/uploads\/2016\/04\/sunset_small-300x225.jpg 300w, https:\/\/lindalholidaysvillas.com\/wp-content\/uploads\/2016\/04\/sunset_small.jpg 420w\" sizes=\"auto, (max-width: 300px) 100vw, 300px\" \/><\/p>\n<p><span style=\"font-size: 16px; color: #000080;\"><em>La amplia villa con su espacio vital de 270 m\u00b2 se encuentra por encima de la maravillosa bah\u00eda de Cala Tarida. Situada en una zona residencial pura de alta demanda, est\u00e1 rodeada s\u00f3lo de otras villas. El terreno de 2200 m\u00b2 como el jardin interior cerrado y non observable garantizan una intimidad absoluta y son adem\u00e1s amigables para ni\u00f1os. Por supuesto una piscina grande de 36 m\u00b2 y un solario con tumbono para cada huespede redondea el ensemble. Est\u00e0 limpiada profesionalmente cada semana. En el jardin exterior hay una cochera a la sombra con dos puestos.<\/em><\/span><\/p>\n<p><img loading=\"lazy\" decoding=\"async\" class=\"alignnone wp-image-615\" src=\"http:\/\/neu.lindalholidaysvillas.com\/wp-content\/uploads\/2016\/04\/pool_small-300x225.jpg\" alt=\"Poolterrace\" width=\"262\" height=\"200\" \/>\u00a0 \u00a0<img loading=\"lazy\" decoding=\"async\" class=\"alignnone wp-image-845\" src=\"http:\/\/lindalholidaysvillas.com\/wp-content\/uploads\/2018\/04\/Carport_small.jpg\" alt=\"Carport_small\" width=\"262\" height=\"198\" srcset=\"https:\/\/lindalholidaysvillas.com\/wp-content\/uploads\/2018\/04\/Carport_small.jpg 420w, https:\/\/lindalholidaysvillas.com\/wp-content\/uploads\/2018\/04\/Carport_small-150x113.jpg 150w\" sizes=\"auto, (max-width: 262px) 100vw, 262px\" \/><\/p>\n<p><span style=\"color: #000080; font-size: 16px;\"><em>La villa misma est\u00e1 establedida en estilo mediterr\u00e1neo y refleja por su distribuci\u00f3n y amueblaje el el estilo t\u00edpico de la vida en el Mediterr\u00e1neo. Todas las habitaciones se abren hac\u00eda el jardin interior y una gran porchada, donde se encuentra una de las areas de comedor en forma de una mesa massisa de m\u00e1s de 3m. Asi da sitio para m\u00ednimo 10 personas. El BBQ instalado en el jardin invita a celebrar cenas. Especialmente el acceso individual a cada habitaci\u00f3n desde el jardin garantiza la independencia e intimidad de cada huespede.<\/em><\/span><\/p>\n<p><img loading=\"lazy\" decoding=\"async\" class=\"aligncenter wp-image-675\" src=\"http:\/\/neu.lindalholidaysvillas.com\/wp-content\/uploads\/2016\/04\/Porchada_1-720x454.jpg\" alt=\"Porchada and bedrooms\" width=\"403\" height=\"258\" \/><\/p>\n<p><span style=\"color: #000080; font-size: 16px;\"><em>En total la villa dispone de 4 habitaciones, 3 ba\u00f1os, 1 sal\u00f3n amplio y 1 comedor. La cocina completamente equipada con horno, encimera, lavavajillas, micronda, m\u00e1quina de caf\u00e9, tostadora, etc. Contiene independientemente del gran comedor una rinconera para un m\u00e1ximo de 8 personas. Al lado de la cocina una lavander\u00eda ofrece una lavadora, secadora, plancha con table de planchar como una gran zona iterior y exterior para tender la ropa. El hermoso jardin interior es un oasis floreciente de la tranquilidad y ofrece varios sentaderos y areas de comedor. Por la exuberante vegetaci\u00f3n se encuentra por qualquier hora del d\u00eda zonas de sol como de hombra. Quien quiere disfrutar el sol todo el d\u00eda tiene la oportunidad en el amplio solar con sus tumbonas.<\/em><\/span><\/p>\n<p><span style=\"color: #000080; font-size: 16px;\"><em>En todo el espacio vital como en el jardin interior est\u00e1 garantizado el acceso al internet por un WiFi gratuito. El salon como la habitaci\u00f3n principal disponen de una t\u00e9le plana con satellite. Todas las habitaciones y el salon tienen aire acondicionado.<\/em><\/span><\/p>\n<p><span style=\"color: #000080; font-size: 16px;\"><em>Ropa de cama, toallas como toallas de playa est\u00e1n facilitadas y cambiadas por nuestro personal de servicio una vez a la semana. Nuestro servicio de limpieza ha limpiado ya todo a espejo antes de su llegada y arreglar\u00e1 tambi\u00e9n la limpieza final despu\u00e8s de su salida. A ruego puede se puede contratar por el tiempo de su estancia. Precios y condiciones se encuentra en la pagina de precios. Porque la villa est\u00e1 en particular adecuada para familias con ni\u00f1os se pone a disposici\u00f3n cunas y tronas.<\/em><\/span><\/p>\n<p><span style=\"color: #000080; font-size: 16px;\"><em>La mansion est\u00e1 equipada con un sistema de alarma centralizado y conectado en directo con una vigilancia de seguridad. As\u00ed la Villa est\u00e1 siempre bien protegida tambi\u00e9n en su ausencia. Hay una caja fuerte por su comodidad. No se puede poner responsible por valores deposidatos que los seguros no cubren el riesgo de valores de terceros.<\/em><\/span><\/p>\n<p><span style=\"color: #000080; font-size: 16px;\"><em>Cerca de la villa hay sitios interesantes para conocer como el famoso \u00a0Cotton Club y algunos restaurantes que merecen la pena a explorarlos. Abajo encuentra\u00a0los links.<\/em><\/span><\/p>\n<h1 style=\"text-align: center;\"><span style=\"font-size: 16px; color: #3366ff;\"><span style=\"text-decoration: underline;\"><a style=\"color: #3366ff;\" href=\"http:\/\/www.cottonbeachclub.com\/\" target=\"_blank\" rel=\"noopener\">Cotton Club<\/a><\/span>\u00a0 \u00a0 \u00a0\u00a0<span style=\"text-decoration: underline;\"><a style=\"color: #3366ff;\" href=\"https:\/\/www.google.es\/search?q=Il+destino+restaurante+ibiza&amp;oq=Il+destino+restaurante+ibiza&amp;aqs=chrome..69i57.7544j0j7&amp;sourceid=chrome&amp;ie=UTF-8#newwindow=1&amp;q=Il%20destino%20restaurante%20ibiza&amp;tbs=lf:1,lf_ui:2&amp;rflfq=1&amp;rlha=0&amp;rllag=38917705,1381007,7629&amp;tbm=lcl&amp;rlfi=hd:;si:11463665375251157815\" target=\"_blank\" rel=\"noopener\">Destino<\/a><\/span>\u00a0 \u00a0 \u00a0\u00a0<span style=\"text-decoration: underline;\"><a style=\"color: #3366ff;\" href=\"http:\/\/www.restaurantecasmila.com\/\" target=\"_blank\" rel=\"noopener\">Cas Mil\u00e1<\/a><\/span>\u00a0 \u00a0 \u00a0\u00a0<span style=\"text-decoration: underline;\"><a style=\"color: #3366ff;\" href=\"http:\/\/www.canyucas.com\" target=\"_blank\" rel=\"noopener\">Can Yucas<\/a><\/span>\u00a0\u00a0<\/span><\/h1>\n<p><span style=\"color: #000080; font-size: 16px;\"><em>Por unas vacaciones sin estr\u00e8s proponemos\u00a0un seguro de viaje que permute a\u00a0ahorrar dinero y evitar problemas.<\/em><\/span><\/p>\n<h1 style=\"text-align: center;\"><span style=\"font-size: 16px; color: #3366ff;\"><span style=\"text-decoration: underline;\"><a style=\"color: #3366ff;\" href=\"http:\/\/www.columbusdirect.com\/\" target=\"_blank\" rel=\"noopener\">Columbus <\/a>seguro de viaje<\/span>\u00a0<\/span><\/h1>\n<p><span style=\"font-size: 10px;\">Conseil Insular Reg N\u00b0:2015002342<\/span><\/p>","protected":false},"excerpt":{"rendered":"<p>Hola y bienvenidos en nuestro sitio. Aqui se puede liberalmente vagar por la villa \u201cCarpe Diem\u201d, ventiscar en los diferentes menus, guardar unas fotos y reconocer nuestra filosof\u00eda. Encuentrar\u00e1 adem\u00e1s <a class=\"more-link\" href=\"https:\/\/lindalholidaysvillas.com\/es\/\">Continue Reading \u2192<\/a><\/p>\n","protected":false},"author":1,"featured_media":0,"parent":0,"menu_order":0,"comment_status":"open","ping_status":"closed","template":"","meta":{"footnotes":""},"class_list":["post-203","page","type-page","status-publish","hentry"],"yoast_head":"<!-- This site is optimized with the Yoast SEO plugin v27.3 - https:\/\/yoast.com\/product\/yoast-seo-wordpress\/ -->\n<title>(ENGLISH) Carpe Diem Cala Tarida Ibiza Rent me for wonderful holidays<\/title>\n<meta name=\"description\" content=\"(ENGLISH) Villa in ibiza cala tarida private pool 600 m away from the beach free wifi big garden bbq car parking ideal for children and group of frinds up to 9 person\" \/>\n<meta name=\"robots\" content=\"index, follow, max-snippet:-1, max-image-preview:large, max-video-preview:-1\" \/>\n<link rel=\"canonical\" href=\"https:\/\/lindalholidaysvillas.com\/\" \/>\n<meta property=\"og:locale\" content=\"es_ES\" \/>\n<meta property=\"og:type\" content=\"article\" \/>\n<meta property=\"og:title\" content=\"[:en]Carpe Diem Cala Tarida Ibiza Rent me for wonderful holidays[:]\" \/>\n<meta property=\"og:description\" content=\"{:en}Villa in ibiza cala tarida private pool 600 m away from the beach free wifi big garden bbq car parking ideal for children and group of frinds up to 9 person{:de}Villa in Cala Tarida, Ibiza; Dream Holidays - Traumurlaub - vacaciones de sue\u00f1o - vacanze da sogno; tu rent, zu mieten, para alquilar, si affita{:}[:]\" \/>\n<meta property=\"og:url\" content=\"https:\/\/lindalholidaysvillas.com\/\" \/>\n<meta property=\"og:site_name\" content=\"Villa in Cala Tarida - Ibiza &quot;Carpe Diem&quot;\" \/>\n<meta property=\"article:modified_time\" content=\"2023-03-15T10:20:33+00:00\" \/>\n<meta property=\"og:image\" content=\"http:\/\/neu.lindalholidaysvillas.com\/wp-content\/uploads\/2016\/05\/Haus_und_Pool-300x225.jpg\" \/>\n<meta name=\"twitter:card\" content=\"summary_large_image\" \/>\n<meta name=\"twitter:label1\" content=\"Tiempo de lectura\" \/>\n\t<meta name=\"twitter:data1\" content=\"17 minutos\" \/>\n<script type=\"application\/ld+json\" class=\"yoast-schema-graph\">{\"@context\":\"https:\\\/\\\/schema.org\",\"@graph\":[{\"@type\":\"WebPage\",\"@id\":\"https:\\\/\\\/lindalholidaysvillas.com\\\/\",\"url\":\"https:\\\/\\\/lindalholidaysvillas.com\\\/\",\"name\":\"[:en]Carpe Diem Cala Tarida Ibiza Rent me for wonderful holidays[:]\",\"isPartOf\":{\"@id\":\"https:\\\/\\\/lindalholidaysvillas.com\\\/de\\\/#website\"},\"primaryImageOfPage\":{\"@id\":\"https:\\\/\\\/lindalholidaysvillas.com\\\/#primaryimage\"},\"image\":{\"@id\":\"https:\\\/\\\/lindalholidaysvillas.com\\\/#primaryimage\"},\"thumbnailUrl\":\"http:\\\/\\\/neu.lindalholidaysvillas.com\\\/wp-content\\\/uploads\\\/2016\\\/05\\\/Haus_und_Pool-300x225.jpg\",\"datePublished\":\"2016-04-27T07:58:27+00:00\",\"dateModified\":\"2023-03-15T10:20:33+00:00\",\"description\":\"{:en}Villa in ibiza cala tarida private pool 600 m away from the beach free wifi big garden bbq car parking ideal for children and group of frinds up to 9 person{:de}Villa in Cala Tarida, Ibiza; Dream Holidays - Traumurlaub - vacaciones de sue\u00f1o - vacanze da sogno; tu rent, zu mieten, para alquilar, si affita{:}[:]\",\"breadcrumb\":{\"@id\":\"https:\\\/\\\/lindalholidaysvillas.com\\\/#breadcrumb\"},\"inLanguage\":\"es\",\"potentialAction\":[{\"@type\":\"ReadAction\",\"target\":[\"https:\\\/\\\/lindalholidaysvillas.com\\\/\"]}]},{\"@type\":\"ImageObject\",\"inLanguage\":\"es\",\"@id\":\"https:\\\/\\\/lindalholidaysvillas.com\\\/#primaryimage\",\"url\":\"http:\\\/\\\/neu.lindalholidaysvillas.com\\\/wp-content\\\/uploads\\\/2016\\\/05\\\/Haus_und_Pool-300x225.jpg\",\"contentUrl\":\"http:\\\/\\\/neu.lindalholidaysvillas.com\\\/wp-content\\\/uploads\\\/2016\\\/05\\\/Haus_und_Pool-300x225.jpg\"},{\"@type\":\"BreadcrumbList\",\"@id\":\"https:\\\/\\\/lindalholidaysvillas.com\\\/#breadcrumb\",\"itemListElement\":[{\"@type\":\"ListItem\",\"position\":1,\"name\":\"Home\",\"item\":\"https:\\\/\\\/lindalholidaysvillas.com\\\/\"},{\"@type\":\"ListItem\",\"position\":2,\"name\":\"The Villa &#8220;Carpe Diem&#8221;\"}]},{\"@type\":\"WebSite\",\"@id\":\"https:\\\/\\\/lindalholidaysvillas.com\\\/de\\\/#website\",\"url\":\"https:\\\/\\\/lindalholidaysvillas.com\\\/de\\\/\",\"name\":\"Villa in Cala Tarida - Ibiza &quot;Carpe Diem&quot;\",\"description\":\"Casa en alquiler para sus vacaciones de ensue\u00f1o\",\"potentialAction\":[{\"@type\":\"SearchAction\",\"target\":{\"@type\":\"EntryPoint\",\"urlTemplate\":\"https:\\\/\\\/lindalholidaysvillas.com\\\/de\\\/?s={search_term_string}\"},\"query-input\":{\"@type\":\"PropertyValueSpecification\",\"valueRequired\":true,\"valueName\":\"search_term_string\"}}],\"inLanguage\":\"es\"}]}<\/script>\n<!-- \/ Yoast SEO plugin. -->","yoast_head_json":{"title":"(ENGLISH) Carpe Diem Cala Tarida Ibiza Rent me for wonderful holidays","description":"(ENGLISH) Villa in ibiza cala tarida private pool 600 m away from the beach free wifi big garden bbq car parking ideal for children and group of frinds up to 9 person","robots":{"index":"index","follow":"follow","max-snippet":"max-snippet:-1","max-image-preview":"max-image-preview:large","max-video-preview":"max-video-preview:-1"},"canonical":"https:\/\/lindalholidaysvillas.com\/","og_locale":"es_ES","og_type":"article","og_title":"[:en]Carpe Diem Cala Tarida Ibiza Rent me for wonderful holidays[:]","og_description":"{:en}Villa in ibiza cala tarida private pool 600 m away from the beach free wifi big garden bbq car parking ideal for children and group of frinds up to 9 person{:de}Villa in Cala Tarida, Ibiza; Dream Holidays - Traumurlaub - vacaciones de sue\u00f1o - vacanze da sogno; tu rent, zu mieten, para alquilar, si affita{:}[:]","og_url":"https:\/\/lindalholidaysvillas.com\/","og_site_name":"Villa in Cala Tarida - Ibiza &quot;Carpe Diem&quot;","article_modified_time":"2023-03-15T10:20:33+00:00","og_image":[{"url":"http:\/\/neu.lindalholidaysvillas.com\/wp-content\/uploads\/2016\/05\/Haus_und_Pool-300x225.jpg","type":"","width":"","height":""}],"twitter_card":"summary_large_image","twitter_misc":{"Tiempo de lectura":"17 minutos"},"schema":{"@context":"https:\/\/schema.org","@graph":[{"@type":"WebPage","@id":"https:\/\/lindalholidaysvillas.com\/","url":"https:\/\/lindalholidaysvillas.com\/","name":"[:en]Carpe Diem Cala Tarida Ibiza Rent me for wonderful holidays[:]","isPartOf":{"@id":"https:\/\/lindalholidaysvillas.com\/de\/#website"},"primaryImageOfPage":{"@id":"https:\/\/lindalholidaysvillas.com\/#primaryimage"},"image":{"@id":"https:\/\/lindalholidaysvillas.com\/#primaryimage"},"thumbnailUrl":"http:\/\/neu.lindalholidaysvillas.com\/wp-content\/uploads\/2016\/05\/Haus_und_Pool-300x225.jpg","datePublished":"2016-04-27T07:58:27+00:00","dateModified":"2023-03-15T10:20:33+00:00","description":"{:en}Villa in ibiza cala tarida private pool 600 m away from the beach free wifi big garden bbq car parking ideal for children and group of frinds up to 9 person{:de}Villa in Cala Tarida, Ibiza; Dream Holidays - Traumurlaub - vacaciones de sue\u00f1o - vacanze da sogno; tu rent, zu mieten, para alquilar, si affita{:}[:]","breadcrumb":{"@id":"https:\/\/lindalholidaysvillas.com\/#breadcrumb"},"inLanguage":"es","potentialAction":[{"@type":"ReadAction","target":["https:\/\/lindalholidaysvillas.com\/"]}]},{"@type":"ImageObject","inLanguage":"es","@id":"https:\/\/lindalholidaysvillas.com\/#primaryimage","url":"http:\/\/neu.lindalholidaysvillas.com\/wp-content\/uploads\/2016\/05\/Haus_und_Pool-300x225.jpg","contentUrl":"http:\/\/neu.lindalholidaysvillas.com\/wp-content\/uploads\/2016\/05\/Haus_und_Pool-300x225.jpg"},{"@type":"BreadcrumbList","@id":"https:\/\/lindalholidaysvillas.com\/#breadcrumb","itemListElement":[{"@type":"ListItem","position":1,"name":"Home","item":"https:\/\/lindalholidaysvillas.com\/"},{"@type":"ListItem","position":2,"name":"The Villa &#8220;Carpe Diem&#8221;"}]},{"@type":"WebSite","@id":"https:\/\/lindalholidaysvillas.com\/de\/#website","url":"https:\/\/lindalholidaysvillas.com\/de\/","name":"Villa in Cala Tarida - Ibiza &quot;Carpe Diem&quot;","description":"Casa en alquiler para sus vacaciones de ensue\u00f1o","potentialAction":[{"@type":"SearchAction","target":{"@type":"EntryPoint","urlTemplate":"https:\/\/lindalholidaysvillas.com\/de\/?s={search_term_string}"},"query-input":{"@type":"PropertyValueSpecification","valueRequired":true,"valueName":"search_term_string"}}],"inLanguage":"es"}]}},"_links":{"self":[{"href":"https:\/\/lindalholidaysvillas.com\/es\/wp-json\/wp\/v2\/pages\/203","targetHints":{"allow":["GET"]}}],"collection":[{"href":"https:\/\/lindalholidaysvillas.com\/es\/wp-json\/wp\/v2\/pages"}],"about":[{"href":"https:\/\/lindalholidaysvillas.com\/es\/wp-json\/wp\/v2\/types\/page"}],"author":[{"embeddable":true,"href":"https:\/\/lindalholidaysvillas.com\/es\/wp-json\/wp\/v2\/users\/1"}],"replies":[{"embeddable":true,"href":"https:\/\/lindalholidaysvillas.com\/es\/wp-json\/wp\/v2\/comments?post=203"}],"version-history":[{"count":115,"href":"https:\/\/lindalholidaysvillas.com\/es\/wp-json\/wp\/v2\/pages\/203\/revisions"}],"predecessor-version":[{"id":925,"href":"https:\/\/lindalholidaysvillas.com\/es\/wp-json\/wp\/v2\/pages\/203\/revisions\/925"}],"wp:attachment":[{"href":"https:\/\/lindalholidaysvillas.com\/es\/wp-json\/wp\/v2\/media?parent=203"}],"curies":[{"name":"wp","href":"https:\/\/api.w.org\/{rel}","templated":true}]}}