{"id":203,"date":"2016-04-27T09:58:27","date_gmt":"2016-04-27T07:58:27","guid":{"rendered":"http:\/\/s522589928.online.de\/?page_id=2"},"modified":"2023-03-15T12:20:33","modified_gmt":"2023-03-15T10:20:33","slug":"die-villa-carpe-diem","status":"publish","type":"page","link":"https:\/\/lindalholidaysvillas.com\/de\/","title":{"rendered":"Die Villa &#8222;Carpe Diem&#8220;"},"content":{"rendered":"<p><\/p>\n<h2 style=\"text-align: justify;\"><img loading=\"lazy\" decoding=\"async\" class=\"alignnone wp-image-508\" src=\"http:\/\/neu.lindalholidaysvillas.com\/wp-content\/uploads\/2016\/05\/Haus_und_Pool-300x225.jpg\" alt=\"Villa with pool\" width=\"183\" height=\"140\" \/><img loading=\"lazy\" decoding=\"async\" class=\"alignnone wp-image-678\" src=\"http:\/\/neu.lindalholidaysvillas.com\/wp-content\/uploads\/2016\/05\/Au\u00dfengarten_1-720x405.jpg\" alt=\"outer garden\" width=\"243\" height=\"142\" \/><img loading=\"lazy\" decoding=\"async\" class=\"alignnone wp-image-521\" src=\"http:\/\/neu.lindalholidaysvillas.com\/wp-content\/uploads\/2016\/05\/Schlaf_4-300x225.jpg\" alt=\"Masterbedroom\" width=\"183\" height=\"140\" \/><\/h2>\n<h6><\/h6>\n<p style=\"text-align: justify;\"><span style=\"font-size: 16px;\"><em><span style=\"color: #000080;\">Willkommen auf unserer Seite.\u00a0Hier k\u00f6nnen Sie durch die Villa &#8222;Carpe Diem&#8220; streifen, durch die verschiedenen Men\u00fcs st\u00f6bern, eine Menge Fotos sehen und unsere Philosophie kennenlernen. Sie werden au\u00dferdem weiterf\u00fchrende Informationen finden \u00fcber die n\u00e4here Umgebung der Villa und Ibiza im allgemeinen.\u00a0<\/span><\/em><\/span><span style=\"font-size: 16px;\"><em><span style=\"color: #000080;\">Wir haben f\u00fcr Sie einen Platz geschaffen, wo Sie relaxen und Spa\u00df mit Ihren Freunden haben k\u00f6nnen f\u00fcr wunderbare Erinnerungen an Ihren Aufenthalt auf Ibiza, der &#8222;Wei\u00dfen Insel&#8220;.<\/span><\/em><\/span><\/p>\n<h6><span style=\"font-size: 16px;\">\u00a0<\/span><\/h6>\n<p><img loading=\"lazy\" decoding=\"async\" class=\"aligncenter wp-image-610 size-medium\" src=\"http:\/\/neu.lindalholidaysvillas.com\/wp-content\/uploads\/2016\/04\/sunset_small-300x225.jpg\" alt=\"Sunset Ibiza\" width=\"300\" height=\"225\" srcset=\"https:\/\/lindalholidaysvillas.com\/wp-content\/uploads\/2016\/04\/sunset_small-300x225.jpg 300w, https:\/\/lindalholidaysvillas.com\/wp-content\/uploads\/2016\/04\/sunset_small.jpg 420w\" sizes=\"auto, (max-width: 300px) 100vw, 300px\" \/><\/p>\n<p style=\"text-align: justify;\"><span style=\"font-size: 16px;\"><em><span style=\"color: #000080;\">Die gro\u00dfz\u00fcgige Villa mit einer Wohnfl\u00e4che von 270 m\u00b2 \u00a0liegt oberhalb der traumhaften Bucht der Cala Tarida. Gelegen in einem reinen Wohngebiet f\u00fcr gehobene Anspr\u00fcche, ist sie nur von anderen Villen weitr\u00e4umig umgeben. Das\u00a0Grundst\u00fcck von 2200 m\u00b2 \u00a0sowie der abgeschlossene und sichtgesch\u00fctzte Innengarten garantieren eine absolute Privatsph\u00e4re und sind au\u00dferdem besonders kinderfreundlich. Selbstverst\u00e4ndlich rundet ein gro\u00dfer Pool von 36 m\u00b2 im Innengarten mit gro\u00dfz\u00fcgiger Poolterrasse und Sonnenliegen f\u00fcr jeden Gast das Ensemble ab. Er\u00a0wird w\u00f6chentlich professionell gereinigt.\u00a0Im Au\u00dfengarten gibt es einen Carport mit zwei Stellpl\u00e4tzen im Schatten.<\/span><\/em><\/span><\/p>\n<p style=\"text-align: center;\"><img loading=\"lazy\" decoding=\"async\" class=\"alignnone wp-image-615\" src=\"http:\/\/neu.lindalholidaysvillas.com\/wp-content\/uploads\/2016\/04\/pool_small-300x225.jpg\" alt=\"Poolterrace\" width=\"262\" height=\"200\" \/>\u00a0 \u00a0<img loading=\"lazy\" decoding=\"async\" class=\"alignnone wp-image-845\" src=\"http:\/\/lindalholidaysvillas.com\/wp-content\/uploads\/2018\/04\/Carport_small.jpg\" alt=\"Carport_small\" width=\"262\" height=\"198\" srcset=\"https:\/\/lindalholidaysvillas.com\/wp-content\/uploads\/2018\/04\/Carport_small.jpg 420w, https:\/\/lindalholidaysvillas.com\/wp-content\/uploads\/2018\/04\/Carport_small-150x113.jpg 150w\" sizes=\"auto, (max-width: 262px) 100vw, 262px\" \/><\/p>\n<p style=\"text-align: justify;\"><span style=\"font-size: 16px;\"><em><span style=\"color: #000080;\">Die Villa selbst ist im mediterranen Stil gehalten und spiegelt durch ihre Aufteilung und Einrichtung den typischen Lebensstil des Mittelmeerraums\u00a0wieder. Alle R\u00e4ume \u00f6ffnen sich zum Innengarten und zu einer gro\u00dfen Porchada hin, wo sich einer der Essbereiche in Form eines \u00fcber 3 m langen massiven Esstisches befindet und somit locker Platz f\u00fcr 10 Personen bietet. Der im Garten installierte Grill l\u00e4dt geradzu dazu ein, hier lange Grillabende zu veranstalten. Insbesondere der vom Garten aus m\u00f6gliche individuelle Zugang\u00a0zu jedem\u00a0Schlafzimmer, ohne durch das Haus oder andere Zimmer gehen zu m\u00fcssen,\u00a0garantiert die Unabh\u00e4ngkeit und Privatsph\u00e4re jedes Gastes.<\/span><\/em><\/span><\/p>\n<p><img loading=\"lazy\" decoding=\"async\" class=\"aligncenter wp-image-675\" src=\"http:\/\/neu.lindalholidaysvillas.com\/wp-content\/uploads\/2016\/04\/Porchada_1-720x454.jpg\" alt=\"Porchada and bedrooms\" width=\"403\" height=\"258\" \/><\/p>\n<p style=\"text-align: justify;\"><span style=\"font-size: 16px;\"><em><span style=\"color: #000080;\">Insgesamt verf\u00fcgt die Villa \u00fcber 4 Schlafzimmer, 3 B\u00e4der, 1 gro\u00dfen Salon und 1 Esszimmer. Die\u00a0voll eingerichtete K\u00fcche mit Backofen, Kochfeld, Sp\u00fclmaschine, Mikrowelle, Kaffeemaschine, Toaster, etc. besitzt unabh\u00e4ngig vom gro\u00dfen Esszimmer ebenfalls eine Essecke f\u00fcr bis zu 8 Personen. Angeschlossen an die K\u00fcche bietet die\u00a0Waschk\u00fcche eine Waschmaschine, W\u00e4schetrockner, B\u00fcgeleisen und -brett sowie einen gro\u00dfen Innen- und Au\u00dfenbereich zum Trocknen der W\u00e4sche. Der wundersch\u00f6ne Innengarten ist eine bl\u00fchende Oase der Ruhe und bietet diverse Sitzgelegenheiten und Essbereiche. Durch die \u00fcppige Bepflanzung sind zu jeder Tageszeit wechselnde Schattenpl\u00e4tze und sonnige Zonen zu finden. Wer den ganzen Tag die Sonne genie\u00dfen m\u00f6chte, hat dazu auf der Poolterrasse mit ihren Sonnenliegen die Gelegenheit.<\/span><\/em><\/span><\/p>\n<p style=\"text-align: justify;\"><span style=\"color: #000080; font-size: 16px;\"><em>Im gesamten Wohnbereich sowie im Innengarten ist der Zugang zum Internet \u00fcber einen kostenlosen WiFi-Zugang gew\u00e4hrleistet. Der Salon und das Masterschlafzimmer besitzen je ein Flachbild-TV mit Satelitenempfang. Alle Schlafzimmer sowie der Salon haben eine Klimaanlage.<\/em><\/span><\/p>\n<p style=\"text-align: justify;\"><span style=\"font-size: 16px;\"><em><span style=\"color: #000080;\">Bettw\u00e4sche, Handt\u00fccher sowie Strand- bzw. Poolt\u00fccher werden zur Verf\u00fcgung gestellt und einmal w\u00f6chentlich von unserem Servicepersonal gewechselt. Unser Reinigungspersonal hat bereits vor Ihrer Ankunft alles auf Hochglanz poliert und erledigt auch die Endreinigung nach Ihrer Abreise. Auf Wunsch kann es aber auch\u00a0f\u00fcr die Zeit Ihres Aufenthaltes f\u00fcr die Reinigung gebucht werden. Preise und Konditionen finden Sie auf unserer Preisseite. Da die Villa durch ihren gesch\u00fctzten und geschlossenen Garten besonders f\u00fcr Familien mit Kindern gut geeignet ist, k\u00f6nnen bei Bedarf\u00a0auch\u00a0\u00a0Kinderbetten und \u2013hochst\u00fchle bereit gestellt werden.<\/span><\/em><\/span><\/p>\n<p style=\"text-align: justify;\"><span style=\"color: #000080; font-size: 16px;\"><em>Das Anwesen ist ausgestattet mit einem zentralen Alarmsystem mit direkter Verbindung zu einem Sicherheitsdienst, so dass auch in Ihrer Abwesenheit die Villa immer gut gesch\u00fctzt ist. Ein Safe ist vorhanden und steht Ihnen kostenlos zur Verf\u00fcgung. F\u00fcr deponierte Wertgegenst\u00e4nde kann jedoch keine Haftung \u00fcbernommen werden, weil spanische Versicherer keine Werte dritter Personen versichern.<\/em><\/span><\/p>\n<p style=\"text-align: justify;\"><span style=\"color: #000080; font-size: 16px;\"><em>In der N\u00e4he der Villa gibt es interessante Lokalit\u00e4ten wie den ber\u00fchmten\u00a0Cotton Club und einige Restaurants, die es wert sind, erkundet zu werden. Unten finden Sie die entsprechenden Links.<\/em><\/span><\/p>\n<h1 style=\"text-align: center;\"><span style=\"font-size: 16px; color: #3366ff;\"><span style=\"text-decoration: underline;\"><a style=\"color: #3366ff;\" href=\"http:\/\/www.cottonbeachclub.com\/\" target=\"_blank\" rel=\"noopener\">Cotton Club<\/a><\/span>\u00a0 \u00a0 \u00a0\u00a0<span style=\"text-decoration: underline;\"><a style=\"color: #3366ff;\" href=\"https:\/\/destinosanjose.es\/\" target=\"_blank\" rel=\"noopener\">Destino<\/a><\/span>\u00a0 \u00a0 \u00a0\u00a0<span style=\"text-decoration: underline;\"><a style=\"color: #3366ff;\" href=\"http:\/\/www.restaurantecasmila.com\/\" target=\"_blank\" rel=\"noopener\">Cas Mil\u00e1<\/a><\/span>\u00a0 \u00a0 \u00a0\u00a0<span style=\"text-decoration: underline;\"><a style=\"color: #3366ff;\" href=\"http:\/\/www.canyucas.com\" target=\"_blank\" rel=\"noopener\">Can Yucas<\/a><\/span><\/span><\/h1>\n<p style=\"text-align: justify;\"><span style=\"color: #000080; font-size: 16px;\"><em>F\u00fcr einen stressfreien Urlaub empfehlen wir Ihnen eine Reiseversicherung, die Ihnen hilft, Geld zu sparen und Problemen vorzubeugen.<\/em><\/span><\/p>\n<h1 style=\"text-align: center;\"><span style=\"font-size: 16px; color: #3366ff;\"><span style=\"text-decoration: underline;\"><a style=\"color: #3366ff;\" href=\"http:\/\/www.columbusdirect.de\/\" target=\"_blank\" rel=\"noopener\">Columbus Reiseversicherung<\/a><\/span>\u00a0<\/span><\/h1>\n<p><span style=\"font-size: 10px;\">Conseil Insular Reg.N\u00b0 2015002342<\/span><\/p>","protected":false},"excerpt":{"rendered":"<p>Willkommen auf unserer Seite.\u00a0Hier k\u00f6nnen Sie durch die Villa &#8222;Carpe Diem&#8220; streifen, durch die verschiedenen Men\u00fcs st\u00f6bern, eine Menge Fotos sehen und unsere Philosophie kennenlernen. Sie werden au\u00dferdem weiterf\u00fchrende Informationen <a class=\"more-link\" href=\"https:\/\/lindalholidaysvillas.com\/de\/\">Continue Reading \u2192<\/a><\/p>\n","protected":false},"author":1,"featured_media":0,"parent":0,"menu_order":0,"comment_status":"open","ping_status":"closed","template":"","meta":{"footnotes":""},"class_list":["post-203","page","type-page","status-publish","hentry"],"yoast_head":"<!-- This site is optimized with the Yoast SEO plugin v27.3 - https:\/\/yoast.com\/product\/yoast-seo-wordpress\/ -->\n<title>(ENGLISH) Carpe Diem Cala Tarida Ibiza Rent me for wonderful holidays<\/title>\n<meta name=\"description\" content=\"Villa in Cala Tarida, Ibiza; Dream Holidays - Traumurlaub - vacaciones de sue\u00f1o - vacanze da sogno; tu rent, zu mieten, para alquilar, si affita\" \/>\n<meta name=\"robots\" content=\"index, follow, max-snippet:-1, max-image-preview:large, max-video-preview:-1\" \/>\n<link rel=\"canonical\" href=\"https:\/\/lindalholidaysvillas.com\/\" \/>\n<meta property=\"og:locale\" content=\"de_DE\" \/>\n<meta property=\"og:type\" content=\"article\" \/>\n<meta property=\"og:title\" content=\"[:en]Carpe Diem Cala Tarida Ibiza Rent me for wonderful holidays[:]\" \/>\n<meta property=\"og:description\" content=\"{:en}Villa in ibiza cala tarida private pool 600 m away from the beach free wifi big garden bbq car parking ideal for children and group of frinds up to 9 person{:de}Villa in Cala Tarida, Ibiza; Dream Holidays - Traumurlaub - vacaciones de sue\u00f1o - vacanze da sogno; tu rent, zu mieten, para alquilar, si affita{:}[:]\" \/>\n<meta property=\"og:url\" content=\"https:\/\/lindalholidaysvillas.com\/\" \/>\n<meta property=\"og:site_name\" content=\"Villa in Cala Tarida - Ibiza &quot;Carpe Diem&quot;\" \/>\n<meta property=\"article:modified_time\" content=\"2023-03-15T10:20:33+00:00\" \/>\n<meta property=\"og:image\" content=\"http:\/\/neu.lindalholidaysvillas.com\/wp-content\/uploads\/2016\/05\/Haus_und_Pool-300x225.jpg\" \/>\n<meta name=\"twitter:card\" content=\"summary_large_image\" \/>\n<meta name=\"twitter:label1\" content=\"Gesch\u00e4tzte Lesezeit\" \/>\n\t<meta name=\"twitter:data1\" content=\"17\u00a0Minuten\" \/>\n<script type=\"application\/ld+json\" class=\"yoast-schema-graph\">{\"@context\":\"https:\\\/\\\/schema.org\",\"@graph\":[{\"@type\":\"WebPage\",\"@id\":\"https:\\\/\\\/lindalholidaysvillas.com\\\/\",\"url\":\"https:\\\/\\\/lindalholidaysvillas.com\\\/\",\"name\":\"[:en]Carpe Diem Cala Tarida Ibiza Rent me for wonderful holidays[:]\",\"isPartOf\":{\"@id\":\"https:\\\/\\\/lindalholidaysvillas.com\\\/de\\\/#website\"},\"primaryImageOfPage\":{\"@id\":\"https:\\\/\\\/lindalholidaysvillas.com\\\/#primaryimage\"},\"image\":{\"@id\":\"https:\\\/\\\/lindalholidaysvillas.com\\\/#primaryimage\"},\"thumbnailUrl\":\"http:\\\/\\\/neu.lindalholidaysvillas.com\\\/wp-content\\\/uploads\\\/2016\\\/05\\\/Haus_und_Pool-300x225.jpg\",\"datePublished\":\"2016-04-27T07:58:27+00:00\",\"dateModified\":\"2023-03-15T10:20:33+00:00\",\"description\":\"{:en}Villa in ibiza cala tarida private pool 600 m away from the beach free wifi big garden bbq car parking ideal for children and group of frinds up to 9 person{:de}Villa in Cala Tarida, Ibiza; Dream Holidays - Traumurlaub - vacaciones de sue\u00f1o - vacanze da sogno; tu rent, zu mieten, para alquilar, si affita{:}[:]\",\"breadcrumb\":{\"@id\":\"https:\\\/\\\/lindalholidaysvillas.com\\\/#breadcrumb\"},\"inLanguage\":\"de\",\"potentialAction\":[{\"@type\":\"ReadAction\",\"target\":[\"https:\\\/\\\/lindalholidaysvillas.com\\\/\"]}]},{\"@type\":\"ImageObject\",\"inLanguage\":\"de\",\"@id\":\"https:\\\/\\\/lindalholidaysvillas.com\\\/#primaryimage\",\"url\":\"http:\\\/\\\/neu.lindalholidaysvillas.com\\\/wp-content\\\/uploads\\\/2016\\\/05\\\/Haus_und_Pool-300x225.jpg\",\"contentUrl\":\"http:\\\/\\\/neu.lindalholidaysvillas.com\\\/wp-content\\\/uploads\\\/2016\\\/05\\\/Haus_und_Pool-300x225.jpg\"},{\"@type\":\"BreadcrumbList\",\"@id\":\"https:\\\/\\\/lindalholidaysvillas.com\\\/#breadcrumb\",\"itemListElement\":[{\"@type\":\"ListItem\",\"position\":1,\"name\":\"Home\",\"item\":\"https:\\\/\\\/lindalholidaysvillas.com\\\/\"},{\"@type\":\"ListItem\",\"position\":2,\"name\":\"The Villa &#8220;Carpe Diem&#8221;\"}]},{\"@type\":\"WebSite\",\"@id\":\"https:\\\/\\\/lindalholidaysvillas.com\\\/de\\\/#website\",\"url\":\"https:\\\/\\\/lindalholidaysvillas.com\\\/de\\\/\",\"name\":\"Villa in Cala Tarida - Ibiza &quot;Carpe Diem&quot;\",\"description\":\"Ferienhaus zu mieten f\u00fcr Ihren Traumurlaub\",\"potentialAction\":[{\"@type\":\"SearchAction\",\"target\":{\"@type\":\"EntryPoint\",\"urlTemplate\":\"https:\\\/\\\/lindalholidaysvillas.com\\\/de\\\/?s={search_term_string}\"},\"query-input\":{\"@type\":\"PropertyValueSpecification\",\"valueRequired\":true,\"valueName\":\"search_term_string\"}}],\"inLanguage\":\"de\"}]}<\/script>\n<!-- \/ Yoast SEO plugin. -->","yoast_head_json":{"title":"(ENGLISH) Carpe Diem Cala Tarida Ibiza Rent me for wonderful holidays","description":"Villa in Cala Tarida, Ibiza; Dream Holidays - Traumurlaub - vacaciones de sue\u00f1o - vacanze da sogno; tu rent, zu mieten, para alquilar, si affita","robots":{"index":"index","follow":"follow","max-snippet":"max-snippet:-1","max-image-preview":"max-image-preview:large","max-video-preview":"max-video-preview:-1"},"canonical":"https:\/\/lindalholidaysvillas.com\/","og_locale":"de_DE","og_type":"article","og_title":"[:en]Carpe Diem Cala Tarida Ibiza Rent me for wonderful holidays[:]","og_description":"{:en}Villa in ibiza cala tarida private pool 600 m away from the beach free wifi big garden bbq car parking ideal for children and group of frinds up to 9 person{:de}Villa in Cala Tarida, Ibiza; Dream Holidays - Traumurlaub - vacaciones de sue\u00f1o - vacanze da sogno; tu rent, zu mieten, para alquilar, si affita{:}[:]","og_url":"https:\/\/lindalholidaysvillas.com\/","og_site_name":"Villa in Cala Tarida - Ibiza &quot;Carpe Diem&quot;","article_modified_time":"2023-03-15T10:20:33+00:00","og_image":[{"url":"http:\/\/neu.lindalholidaysvillas.com\/wp-content\/uploads\/2016\/05\/Haus_und_Pool-300x225.jpg","type":"","width":"","height":""}],"twitter_card":"summary_large_image","twitter_misc":{"Gesch\u00e4tzte Lesezeit":"17\u00a0Minuten"},"schema":{"@context":"https:\/\/schema.org","@graph":[{"@type":"WebPage","@id":"https:\/\/lindalholidaysvillas.com\/","url":"https:\/\/lindalholidaysvillas.com\/","name":"[:en]Carpe Diem Cala Tarida Ibiza Rent me for wonderful holidays[:]","isPartOf":{"@id":"https:\/\/lindalholidaysvillas.com\/de\/#website"},"primaryImageOfPage":{"@id":"https:\/\/lindalholidaysvillas.com\/#primaryimage"},"image":{"@id":"https:\/\/lindalholidaysvillas.com\/#primaryimage"},"thumbnailUrl":"http:\/\/neu.lindalholidaysvillas.com\/wp-content\/uploads\/2016\/05\/Haus_und_Pool-300x225.jpg","datePublished":"2016-04-27T07:58:27+00:00","dateModified":"2023-03-15T10:20:33+00:00","description":"{:en}Villa in ibiza cala tarida private pool 600 m away from the beach free wifi big garden bbq car parking ideal for children and group of frinds up to 9 person{:de}Villa in Cala Tarida, Ibiza; Dream Holidays - Traumurlaub - vacaciones de sue\u00f1o - vacanze da sogno; tu rent, zu mieten, para alquilar, si affita{:}[:]","breadcrumb":{"@id":"https:\/\/lindalholidaysvillas.com\/#breadcrumb"},"inLanguage":"de","potentialAction":[{"@type":"ReadAction","target":["https:\/\/lindalholidaysvillas.com\/"]}]},{"@type":"ImageObject","inLanguage":"de","@id":"https:\/\/lindalholidaysvillas.com\/#primaryimage","url":"http:\/\/neu.lindalholidaysvillas.com\/wp-content\/uploads\/2016\/05\/Haus_und_Pool-300x225.jpg","contentUrl":"http:\/\/neu.lindalholidaysvillas.com\/wp-content\/uploads\/2016\/05\/Haus_und_Pool-300x225.jpg"},{"@type":"BreadcrumbList","@id":"https:\/\/lindalholidaysvillas.com\/#breadcrumb","itemListElement":[{"@type":"ListItem","position":1,"name":"Home","item":"https:\/\/lindalholidaysvillas.com\/"},{"@type":"ListItem","position":2,"name":"The Villa &#8220;Carpe Diem&#8221;"}]},{"@type":"WebSite","@id":"https:\/\/lindalholidaysvillas.com\/de\/#website","url":"https:\/\/lindalholidaysvillas.com\/de\/","name":"Villa in Cala Tarida - Ibiza &quot;Carpe Diem&quot;","description":"Ferienhaus zu mieten f\u00fcr Ihren Traumurlaub","potentialAction":[{"@type":"SearchAction","target":{"@type":"EntryPoint","urlTemplate":"https:\/\/lindalholidaysvillas.com\/de\/?s={search_term_string}"},"query-input":{"@type":"PropertyValueSpecification","valueRequired":true,"valueName":"search_term_string"}}],"inLanguage":"de"}]}},"_links":{"self":[{"href":"https:\/\/lindalholidaysvillas.com\/de\/wp-json\/wp\/v2\/pages\/203","targetHints":{"allow":["GET"]}}],"collection":[{"href":"https:\/\/lindalholidaysvillas.com\/de\/wp-json\/wp\/v2\/pages"}],"about":[{"href":"https:\/\/lindalholidaysvillas.com\/de\/wp-json\/wp\/v2\/types\/page"}],"author":[{"embeddable":true,"href":"https:\/\/lindalholidaysvillas.com\/de\/wp-json\/wp\/v2\/users\/1"}],"replies":[{"embeddable":true,"href":"https:\/\/lindalholidaysvillas.com\/de\/wp-json\/wp\/v2\/comments?post=203"}],"version-history":[{"count":115,"href":"https:\/\/lindalholidaysvillas.com\/de\/wp-json\/wp\/v2\/pages\/203\/revisions"}],"predecessor-version":[{"id":925,"href":"https:\/\/lindalholidaysvillas.com\/de\/wp-json\/wp\/v2\/pages\/203\/revisions\/925"}],"wp:attachment":[{"href":"https:\/\/lindalholidaysvillas.com\/de\/wp-json\/wp\/v2\/media?parent=203"}],"curies":[{"name":"wp","href":"https:\/\/api.w.org\/{rel}","templated":true}]}}