{"id":166,"date":"2016-05-04T16:02:28","date_gmt":"2016-05-04T16:02:28","guid":{"rendered":"http:\/\/s522589928.online.de\/?page_id=166"},"modified":"2025-10-20T09:05:25","modified_gmt":"2025-10-20T07:05:25","slug":"espanol-pagamenti","status":"publish","type":"page","link":"https:\/\/lindalholidaysvillas.com\/de\/espanol-pagamenti","title":{"rendered":"PREISE"},"content":{"rendered":"<p><\/p>\n<p style=\"text-align: justify;\"><em><span style=\"color: #000080; font-size: 16px;\">Die Preise variieren pro Saison und verstehen sich f\u00fcr die gesamte Villa unabh\u00e4ngig von der Anzahl der G\u00e4ste.<\/span><\/em><\/p>\n<h6 style=\"text-align: center;\"><\/h6>\n<h6 style=\"text-align: center;\"><\/h6>\n<h6 style=\"text-align: center;\"><span style=\"font-size: 12px;\">01\/04\u00a0 \u00a0&#8211; \u00a030\/04: 430,-\u20ac\/Tag<\/span><\/h6>\n<h6 style=\"text-align: center;\"><span style=\"font-size: 12px;\">in der Woche vor und in der<\/span><\/h6>\n<h6 style=\"text-align: center;\"><span style=\"font-size: 12px;\">Woche nach Ostern: 450,-\u20ac\/Tag<\/span><\/h6>\n<h6 style=\"text-align: center;\"><span style=\"font-size: 12px;\">01\/05\u00a0 &#8211; \u00a031\/05: 450,-\u20ac\/Tag<\/span><\/h6>\n<h6 style=\"text-align: center;\"><span style=\"font-size: 12px;\">01\/06\u00a0 &#8211;\u00a0 15\/06: 470,-\u20ac\/Tag<\/span><\/h6>\n<h6 style=\"text-align: center;\"><span style=\"font-size: 12px;\">16\/06\u00a0 &#8211;\u00a0 30\/06: 530,-\u20ac\/Tag<\/span><\/h6>\n<h6 style=\"text-align: center;\"><span style=\"font-size: 12px;\">01\/07\u00a0 &#8211;\u00a0 31\/08: 720,-\u20ac\/Tag<\/span><\/h6>\n<h6 style=\"text-align: center;\"><span style=\"font-size: 12px;\">01\/09\u00a0 &#8211;\u00a0 15\/09: 590,-\u20ac\/Tag<\/span><\/h6>\n<h6 style=\"text-align: center;\"><span style=\"font-size: 12px;\">16\/09\u00a0 &#8211;\u00a0 30\/09: 490,-\u20ac\/Tag<\/span><\/h6>\n<h6 style=\"text-align: center;\"><span style=\"font-size: 12px;\">01\/10\u00a0 &#8211;\u00a0 31\/10: 440,-\u20ac\/Tag<\/span><\/h6>\n<h6 style=\"text-align: center;\"><\/h6>\n<h6><span style=\"font-size: 16px;\">\u00a0<\/span><\/h6>\n<p style=\"text-align: justify;\"><span style=\"color: #000080; font-size: 16px;\"><em>Bei Mietperioden von 7 Tagen und mehr gew\u00e4hren wir Rabatt. <\/em><\/span><\/p>\n<p style=\"text-align: justify;\"><span style=\"color: #000080; font-size: 16px;\"><em>Bei Anreise wird eine Kaution von 1000,- \u20ac erhoben, die nach dem Check-out und der Endkontrolle r\u00fcckerstattet wird. F\u00fcr die Endreinigung wird eine Pauschale von 270,- \u20ac berechnet. Auf Wunsch k\u00f6nnen Sie vorab Reinigungspersonal f\u00fcr die Zeit Ihres Aufenthaltes buchen zum Preis von 25,- \u20ac\/Stunde. <\/em><\/span><span style=\"color: #000080; font-size: 16px;\"><em>Wasser- und Stromverbrauch sind im Mietpreis inklusive. Bettw\u00e4sche, Handt\u00fccher, Strand-\/Poolt\u00fccher werden gestellt und einmal pro Woche gewechselt.<\/em><\/span><\/p>\n<p style=\"text-align: justify;\"><span style=\"color: #000080; font-size: 16px;\"><em><span id=\"result_box\" class=\"\" lang=\"en\"><span class=\"alt-edited\">Die Bezahlung der Unterkunft ist per \u00dcberweisung zu t\u00e4tigen;<\/span> <span class=\"alt-edited\">50% bei Buchung, <\/span>die restlichen<span class=\"\"> 50<\/span>% <span class=\"\">ebenfalls per \u00dcberweisung mindestens einen Monat vor Ankunft<\/span><span class=\"\">.<\/span> F\u00fcr Buchungen mit einer Anreise fr\u00fcher als 30 Tage wird der Gesamtbetrag bei der Buchung f\u00e4llig.\u00a0<\/span><span id=\"result_box\" class=\"\" lang=\"en\"><span class=\"\">Die Kontoinformationen erhalten Sie in der Best\u00e4tigungsmail<\/span><\/span><span id=\"result_box\" class=\"\" lang=\"en\"><span class=\"\">. <\/span><\/span><\/em><\/span><\/p>\n<p style=\"text-align: justify;\"><em><span style=\"color: #000080; font-size: 16px;\"><span id=\"result_box\" class=\"\" lang=\"en\"><span class=\"\">Nicht oder zu sp\u00e4t geleistete Zahlungen bewirken eine Stornierung der Buchung ohne Erstattungsanspruch bereits geleisteter Zahlungen!<\/span><\/span><\/span><\/em><\/p>\n<p style=\"text-align: justify;\"><span style=\"color: #000080; font-size: 16px;\"><em>Ein Blick in den Kalender zeigt Ihnen, ob die Villa zu Ihrem Wunschtermin verf\u00fcgbar ist.<\/em><\/span><\/p>\n<p style=\"text-align: justify;\"><span style=\"color: #000080; font-size: 16px;\"><em> Zum Buchen und f\u00fcr die genauen Mietpreise kontaktieren Sie uns bitte.\u00a0Senden Sie uns eine Anfrage, und wir schicken Ihnen den besten Preis f\u00fcr den gew\u00fcnschten Zeitraum.<\/em><\/span><\/p>\n<p><\/p>","protected":false},"excerpt":{"rendered":"<p>Die Preise variieren pro Saison und verstehen sich f\u00fcr die gesamte Villa unabh\u00e4ngig von der Anzahl der G\u00e4ste. 01\/04\u00a0 \u00a0&#8211; \u00a030\/04: 430,-\u20ac\/Tag in der Woche vor und in der Woche <a class=\"more-link\" href=\"https:\/\/lindalholidaysvillas.com\/de\/espanol-pagamenti\">Continue Reading \u2192<\/a><\/p>\n","protected":false},"author":1,"featured_media":0,"parent":0,"menu_order":0,"comment_status":"closed","ping_status":"closed","template":"","meta":{"footnotes":""},"class_list":["post-166","page","type-page","status-publish","hentry"],"yoast_head":"<!-- This site is optimized with the Yoast SEO plugin v27.3 - https:\/\/yoast.com\/product\/yoast-seo-wordpress\/ -->\n<title>PREISE - Villa in Cala Tarida - Ibiza &quot;Carpe Diem&quot;<\/title>\n<meta name=\"robots\" content=\"index, follow, max-snippet:-1, max-image-preview:large, max-video-preview:-1\" \/>\n<link rel=\"canonical\" href=\"https:\/\/lindalholidaysvillas.com\/espanol-pagamenti\" \/>\n<meta property=\"og:locale\" content=\"de_DE\" \/>\n<meta property=\"og:type\" content=\"article\" \/>\n<meta property=\"og:title\" content=\"PREISE - Villa in Cala Tarida - Ibiza &quot;Carpe Diem&quot;\" \/>\n<meta property=\"og:description\" content=\"Die Preise variieren pro Saison und verstehen sich f\u00fcr die gesamte Villa unabh\u00e4ngig von der Anzahl der G\u00e4ste. 01\/04\u00a0 \u00a0&#8211; \u00a030\/04: 430,-\u20ac\/Tag in der Woche vor und in der Woche Continue Reading \u2192\" \/>\n<meta property=\"og:url\" content=\"https:\/\/lindalholidaysvillas.com\/espanol-pagamenti\" \/>\n<meta property=\"og:site_name\" content=\"Villa in Cala Tarida - Ibiza &quot;Carpe Diem&quot;\" \/>\n<meta property=\"article:modified_time\" content=\"2025-10-20T07:05:25+00:00\" \/>\n<meta name=\"twitter:card\" content=\"summary_large_image\" \/>\n<meta name=\"twitter:label1\" content=\"Gesch\u00e4tzte Lesezeit\" \/>\n\t<meta name=\"twitter:data1\" content=\"4\u00a0Minuten\" \/>\n<script type=\"application\/ld+json\" class=\"yoast-schema-graph\">{\"@context\":\"https:\\\/\\\/schema.org\",\"@graph\":[{\"@type\":\"WebPage\",\"@id\":\"https:\\\/\\\/lindalholidaysvillas.com\\\/espanol-pagamenti\",\"url\":\"https:\\\/\\\/lindalholidaysvillas.com\\\/espanol-pagamenti\",\"name\":\"PREISE - Villa in Cala Tarida - Ibiza &quot;Carpe Diem&quot;\",\"isPartOf\":{\"@id\":\"https:\\\/\\\/lindalholidaysvillas.com\\\/de\\\/#website\"},\"datePublished\":\"2016-05-04T16:02:28+00:00\",\"dateModified\":\"2025-10-20T07:05:25+00:00\",\"breadcrumb\":{\"@id\":\"https:\\\/\\\/lindalholidaysvillas.com\\\/espanol-pagamenti#breadcrumb\"},\"inLanguage\":\"de\",\"potentialAction\":[{\"@type\":\"ReadAction\",\"target\":[\"https:\\\/\\\/lindalholidaysvillas.com\\\/espanol-pagamenti\"]}]},{\"@type\":\"BreadcrumbList\",\"@id\":\"https:\\\/\\\/lindalholidaysvillas.com\\\/espanol-pagamenti#breadcrumb\",\"itemListElement\":[{\"@type\":\"ListItem\",\"position\":1,\"name\":\"Home\",\"item\":\"https:\\\/\\\/lindalholidaysvillas.com\\\/\"},{\"@type\":\"ListItem\",\"position\":2,\"name\":\"[:en]PRICES[:de]PREISE[:it]PREZZI[:es]PRECIOS[:]\"}]},{\"@type\":\"WebSite\",\"@id\":\"https:\\\/\\\/lindalholidaysvillas.com\\\/de\\\/#website\",\"url\":\"https:\\\/\\\/lindalholidaysvillas.com\\\/de\\\/\",\"name\":\"Villa in Cala Tarida - Ibiza &quot;Carpe Diem&quot;\",\"description\":\"Ferienhaus zu mieten f\u00fcr Ihren Traumurlaub\",\"potentialAction\":[{\"@type\":\"SearchAction\",\"target\":{\"@type\":\"EntryPoint\",\"urlTemplate\":\"https:\\\/\\\/lindalholidaysvillas.com\\\/de\\\/?s={search_term_string}\"},\"query-input\":{\"@type\":\"PropertyValueSpecification\",\"valueRequired\":true,\"valueName\":\"search_term_string\"}}],\"inLanguage\":\"de\"}]}<\/script>\n<!-- \/ Yoast SEO plugin. -->","yoast_head_json":{"title":"PREISE - Villa in Cala Tarida - Ibiza &quot;Carpe Diem&quot;","robots":{"index":"index","follow":"follow","max-snippet":"max-snippet:-1","max-image-preview":"max-image-preview:large","max-video-preview":"max-video-preview:-1"},"canonical":"https:\/\/lindalholidaysvillas.com\/espanol-pagamenti","og_locale":"de_DE","og_type":"article","og_title":"PREISE - Villa in Cala Tarida - Ibiza &quot;Carpe Diem&quot;","og_description":"Die Preise variieren pro Saison und verstehen sich f\u00fcr die gesamte Villa unabh\u00e4ngig von der Anzahl der G\u00e4ste. 01\/04\u00a0 \u00a0&#8211; \u00a030\/04: 430,-\u20ac\/Tag in der Woche vor und in der Woche Continue Reading \u2192","og_url":"https:\/\/lindalholidaysvillas.com\/espanol-pagamenti","og_site_name":"Villa in Cala Tarida - Ibiza &quot;Carpe Diem&quot;","article_modified_time":"2025-10-20T07:05:25+00:00","twitter_card":"summary_large_image","twitter_misc":{"Gesch\u00e4tzte Lesezeit":"4\u00a0Minuten"},"schema":{"@context":"https:\/\/schema.org","@graph":[{"@type":"WebPage","@id":"https:\/\/lindalholidaysvillas.com\/espanol-pagamenti","url":"https:\/\/lindalholidaysvillas.com\/espanol-pagamenti","name":"PREISE - Villa in Cala Tarida - Ibiza &quot;Carpe Diem&quot;","isPartOf":{"@id":"https:\/\/lindalholidaysvillas.com\/de\/#website"},"datePublished":"2016-05-04T16:02:28+00:00","dateModified":"2025-10-20T07:05:25+00:00","breadcrumb":{"@id":"https:\/\/lindalholidaysvillas.com\/espanol-pagamenti#breadcrumb"},"inLanguage":"de","potentialAction":[{"@type":"ReadAction","target":["https:\/\/lindalholidaysvillas.com\/espanol-pagamenti"]}]},{"@type":"BreadcrumbList","@id":"https:\/\/lindalholidaysvillas.com\/espanol-pagamenti#breadcrumb","itemListElement":[{"@type":"ListItem","position":1,"name":"Home","item":"https:\/\/lindalholidaysvillas.com\/"},{"@type":"ListItem","position":2,"name":"[:en]PRICES[:de]PREISE[:it]PREZZI[:es]PRECIOS[:]"}]},{"@type":"WebSite","@id":"https:\/\/lindalholidaysvillas.com\/de\/#website","url":"https:\/\/lindalholidaysvillas.com\/de\/","name":"Villa in Cala Tarida - Ibiza &quot;Carpe Diem&quot;","description":"Ferienhaus zu mieten f\u00fcr Ihren Traumurlaub","potentialAction":[{"@type":"SearchAction","target":{"@type":"EntryPoint","urlTemplate":"https:\/\/lindalholidaysvillas.com\/de\/?s={search_term_string}"},"query-input":{"@type":"PropertyValueSpecification","valueRequired":true,"valueName":"search_term_string"}}],"inLanguage":"de"}]}},"_links":{"self":[{"href":"https:\/\/lindalholidaysvillas.com\/de\/wp-json\/wp\/v2\/pages\/166","targetHints":{"allow":["GET"]}}],"collection":[{"href":"https:\/\/lindalholidaysvillas.com\/de\/wp-json\/wp\/v2\/pages"}],"about":[{"href":"https:\/\/lindalholidaysvillas.com\/de\/wp-json\/wp\/v2\/types\/page"}],"author":[{"embeddable":true,"href":"https:\/\/lindalholidaysvillas.com\/de\/wp-json\/wp\/v2\/users\/1"}],"replies":[{"embeddable":true,"href":"https:\/\/lindalholidaysvillas.com\/de\/wp-json\/wp\/v2\/comments?post=166"}],"version-history":[{"count":118,"href":"https:\/\/lindalholidaysvillas.com\/de\/wp-json\/wp\/v2\/pages\/166\/revisions"}],"predecessor-version":[{"id":952,"href":"https:\/\/lindalholidaysvillas.com\/de\/wp-json\/wp\/v2\/pages\/166\/revisions\/952"}],"wp:attachment":[{"href":"https:\/\/lindalholidaysvillas.com\/de\/wp-json\/wp\/v2\/media?parent=166"}],"curies":[{"name":"wp","href":"https:\/\/api.w.org\/{rel}","templated":true}]}}